{"id":919,"date":"2021-01-01T15:35:49","date_gmt":"2021-01-01T14:35:49","guid":{"rendered":"http:\/\/zuspruch.dieter-becker.de\/?page_id=919"},"modified":"2021-02-03T02:39:51","modified_gmt":"2021-02-03T01:39:51","slug":"zusprueche-dezember-2020","status":"publish","type":"page","link":"https:\/\/evangelischer-zuspruch.de\/?page_id=919","title":{"rendered":"Zuspr\u00fcche: Dezember 2020"},"content":{"rendered":"\n<p>Hier finden Sie die t\u00e4glichen evangelischen Zuspr\u00fcche und der gottesdienstlichen Andachten<br><strong>Beginnend vom 01.12.2020 (Nr. 252) bis zum 31.12.2020 (Nr. 282)<\/strong><br><\/p>\n\n\n\n<p><strong>Smartphone: Zur besseren Ansicht der Tabelle bitte waagrecht! <\/strong> <\/p>\n\n\n\n<p> Wenn du den Newsletter (= Aktualisierungsdienst) mit dem neusten Evangelischen Zuspruch erhalten willst, klicke <a href=\"http:\/\/zuspruch.dieter-becker.de\/?page_id=104\"><strong>HIER<\/strong><\/a> und trage dich ein. Abmelden immer m\u00f6glich. <\/p>\n\n\n\n\n<table id=\"tablepress-12\" class=\"tablepress tablepress-id-12\">\n<thead>\n<tr class=\"row-1\">\n\t<th class=\"column-1\"><strong>Datum<br \/>\nZuspruch Anh\u00f6ren<\/strong><\/th><th class=\"column-2\"><strong>Bibeltext<\/strong><\/th><th class=\"column-3\"><strong>Autor<\/strong><\/th><th class=\"column-4\"><strong>Thema<\/strong><\/th>\n<\/tr>\n<\/thead>\n<tbody class=\"row-striping row-hover\">\n<tr class=\"row-2\">\n\t<td class=\"column-1\"><a href=\"http:\/\/zuspruch.dieter-becker.de\/wp-content\/uploads\/2020\/11\/20201201_Leben-in-Gottesfurcht.mp3\" rel=\"noopener noreferrer\" target=\"_blank\">Di, 01.12.2020<\/a><\/td><td class=\"column-2\">1. Petrus 1, 17<\/td><td class=\"column-3\">Dieter Becker<\/td><td class=\"column-4\">Leben in Gottesfurcht<\/td>\n<\/tr>\n<tr class=\"row-3\">\n\t<td class=\"column-1\"><a href=\"http:\/\/zuspruch.dieter-becker.de\/wp-content\/uploads\/2020\/11\/20201202_Life-Event.mp3\" rel=\"noopener noreferrer\" target=\"_blank\">Mi, 02.12.2020<\/a><\/td><td class=\"column-2\">Johannes 14, 27<\/td><td class=\"column-3\">Dieter Becker<\/td><td class=\"column-4\">Life Event<br \/>\nLebensver\u00e4ndernde Ereignisse<\/td>\n<\/tr>\n<tr class=\"row-4\">\n\t<td class=\"column-1\"><a href=\"http:\/\/zuspruch.dieter-becker.de\/wp-content\/uploads\/2020\/12\/20201203_Spende-Segen.mp3\" rel=\"noopener noreferrer\" target=\"_blank\">Do, 03.12.2020<\/a><\/td><td class=\"column-2\">5. Mose 16, 17<\/td><td class=\"column-3\">Dieter Becker<\/td><td class=\"column-4\">Spende Segen<\/td>\n<\/tr>\n<tr class=\"row-5\">\n\t<td class=\"column-1\"><a href=\"http:\/\/zuspruch.dieter-becker.de\/wp-content\/uploads\/2020\/12\/20201204_Bed\u00fcrftig-begabt.mp3\" rel=\"noopener noreferrer\" target=\"_blank\">Fr. 04.12.2020<\/a><\/td><td class=\"column-2\">Psalm 127, 2c &amp; Matth\u00e4us 6, 8<\/td><td class=\"column-3\">Dieter Becker<\/td><td class=\"column-4\">Bed\u00fcrftig begabt<\/td>\n<\/tr>\n<tr class=\"row-6\">\n\t<td class=\"column-1\"><a href=\"http:\/\/zuspruch.dieter-becker.de\/wp-content\/uploads\/2020\/12\/20201205_\u00dcbern\u00e4chster-N\u00e4chster.mp3\" rel=\"noopener noreferrer\" target=\"_blank\">Sa, 05.12.2020<\/a><\/td><td class=\"column-2\">Markus 1, 32-34<\/td><td class=\"column-3\">Dieter Becker<\/td><td class=\"column-4\">\u00dcbern\u00e4chster N\u00e4chster<\/td>\n<\/tr>\n<tr class=\"row-7\">\n\t<td class=\"column-1\"><a href=\"http:\/\/zuspruch.dieter-becker.de\/wp-content\/uploads\/2020\/12\/20201206_2.Advent.mp3\" rel=\"noopener noreferrer\" target=\"_blank\">So, 06.12.2020<\/a> <br \/>\nGottesdienstliche Andacht<\/td><td class=\"column-2\">Psalm 80 (Ausz\u00fcge)<br \/>\nEvangelium: Lukas 21, 25-33<br \/>\nPredigt: Jakobus 5, 7+8<\/td><td class=\"column-3\">Dieter Becker<\/td><td class=\"column-4\">Kopfhoch-Geduld<br \/>\nLieder 7, 6, 17<\/td>\n<\/tr>\n<tr class=\"row-8\">\n\t<td class=\"column-1\"><a href=\"http:\/\/zuspruch.dieter-becker.de\/wp-content\/uploads\/2020\/12\/20201207_Gerechte-Herrschaft.mp3\" rel=\"noopener noreferrer\" target=\"_blank\">Mo, 07.12.2020<\/a><\/td><td class=\"column-2\">Daniel 12, 3<\/td><td class=\"column-3\">Dieter Becker<\/td><td class=\"column-4\">Gerechte Herrschaft<\/td>\n<\/tr>\n<tr class=\"row-9\">\n\t<td class=\"column-1\"><a href=\"http:\/\/zuspruch.dieter-becker.de\/wp-content\/uploads\/2020\/12\/20201208_Bevorratung.mp3\" rel=\"noopener noreferrer\" target=\"_blank\">Di, 08.12.2020<\/a><\/td><td class=\"column-2\">Joel 2, 1 &amp; 2. Petrus 3, 13<\/td><td class=\"column-3\">Dieter Becker<\/td><td class=\"column-4\">Bevorratung<\/td>\n<\/tr>\n<tr class=\"row-10\">\n\t<td class=\"column-1\"><a href=\"http:\/\/zuspruch.dieter-becker.de\/wp-content\/uploads\/2020\/12\/20201209_ALLES.mp3\" rel=\"noopener noreferrer\" target=\"_blank\">Mi, 09.12.2020<\/a><br \/>\n260. Zuspruchtag<\/td><td class=\"column-2\">R\u00f6mer 8, 32<\/td><td class=\"column-3\">Dieter Becker<\/td><td class=\"column-4\">ALLES<\/td>\n<\/tr>\n<tr class=\"row-11\">\n\t<td class=\"column-1\"><a href=\"http:\/\/zuspruch.dieter-becker.de\/wp-content\/uploads\/2020\/12\/20201210_Unikat-Gottes.mp3\" rel=\"noopener noreferrer\" target=\"_blank\">Do, 10.12.2020<\/a><\/td><td class=\"column-2\">Johannes 1, 14<\/td><td class=\"column-3\">Dieter Becker<\/td><td class=\"column-4\">Unikat Gottes<\/td>\n<\/tr>\n<tr class=\"row-12\">\n\t<td class=\"column-1\"><a href=\"http:\/\/zuspruch.dieter-becker.de\/wp-content\/uploads\/2020\/12\/20201211_Zuk\u00fcnftige-Ewigkeit.mp3\" rel=\"noopener noreferrer\" target=\"_blank\">Fr, 11.12.2020<\/a><\/td><td class=\"column-2\">Hebr\u00e4er 13, 8<\/td><td class=\"column-3\">Dieter Becker<\/td><td class=\"column-4\">Zuk\u00fcnftige Ewigkeit<\/td>\n<\/tr>\n<tr class=\"row-13\">\n\t<td class=\"column-1\"><a href=\"http:\/\/zuspruch.dieter-becker.de\/wp-content\/uploads\/2020\/12\/20201212_Infiziert.mp3\" rel=\"noopener noreferrer\" target=\"_blank\">Sa, 12.12.2020<\/a><\/td><td class=\"column-2\">Psalm 41, 5<\/td><td class=\"column-3\">Dieter Becker<\/td><td class=\"column-4\">Infiziert<\/td>\n<\/tr>\n<tr class=\"row-14\">\n\t<td class=\"column-1\"><a href=\"http:\/\/zuspruch.dieter-becker.de\/wp-content\/uploads\/2020\/12\/20201213_3.Advent.mp3\" rel=\"noopener noreferrer\" target=\"_blank\">So, 13.12.2020 <\/a><br \/>\nGottesdienstliche Andacht<\/td><td class=\"column-2\">Evangelium &amp; Predigttext: Lukas 1, 67-79<br \/>\nPsalm 92 (EG 737)<\/td><td class=\"column-3\">Dieter Becker<\/td><td class=\"column-4\">Ritus-Benedictus<br \/>\nEG Lieder 11, 10 &amp; 12<\/td>\n<\/tr>\n<tr class=\"row-15\">\n\t<td class=\"column-1\"><a href=\"http:\/\/zuspruch.dieter-becker.de\/wp-content\/uploads\/2020\/12\/20201214_S\u00e4en.mp3\" rel=\"noopener noreferrer\" target=\"_blank\">Mo, 14.12.2020<\/a><\/td><td class=\"column-2\">1. Korinther 9, 10<\/td><td class=\"column-3\">Dieter Becker<\/td><td class=\"column-4\">S\u00e4en<\/td>\n<\/tr>\n<tr class=\"row-16\">\n\t<td class=\"column-1\"><a href=\"http:\/\/zuspruch.dieter-becker.de\/wp-content\/uploads\/2020\/12\/20201215_Heil_.mp3\" rel=\"noopener noreferrer\" target=\"_blank\">Di, 15.12.2020<\/a><\/td><td class=\"column-2\">Lukas 1, 68+69<\/td><td class=\"column-3\">Dieter Becker<\/td><td class=\"column-4\">Heil?<\/td>\n<\/tr>\n<tr class=\"row-17\">\n\t<td class=\"column-1\"><a href=\"http:\/\/zuspruch.dieter-becker.de\/wp-content\/uploads\/2020\/12\/20201216_Ad-Fontes.mp3\" rel=\"noopener noreferrer\" target=\"_blank\">Mi, 16.12.2020<\/a><\/td><td class=\"column-2\">Kolosser 1, 26+27<\/td><td class=\"column-3\">Dieter Becker<\/td><td class=\"column-4\">Ad Fontes<\/td>\n<\/tr>\n<tr class=\"row-18\">\n\t<td class=\"column-1\"><a href=\"http:\/\/zuspruch.dieter-becker.de\/wp-content\/uploads\/2020\/12\/20201217_Acker-in-Anatot.mp3\" rel=\"noopener noreferrer\" target=\"_blank\">Do, 17.12.2020<\/a><\/td><td class=\"column-2\">Jeremia 31, 17a + b<\/td><td class=\"column-3\">Dieter Becker<\/td><td class=\"column-4\">Acker in Anatot<\/td>\n<\/tr>\n<tr class=\"row-19\">\n\t<td class=\"column-1\"><a href=\"http:\/\/zuspruch.dieter-becker.de\/wp-content\/uploads\/2020\/12\/20201218_K\u00f6nigreich-der-Himmel.mp3\" rel=\"noopener noreferrer\" target=\"_blank\">Fr. 18.12.2020<\/a><\/td><td class=\"column-2\">Matth\u00e4us 3, 2<\/td><td class=\"column-3\">Dieter Becker<\/td><td class=\"column-4\">K\u00f6nigreich der Himmel<\/td>\n<\/tr>\n<tr class=\"row-20\">\n\t<td class=\"column-1\"><a href=\"http:\/\/zuspruch.dieter-becker.de\/wp-content\/uploads\/2020\/12\/20201219_DU.mp3\" rel=\"noopener noreferrer\" target=\"_blank\">Sa, 19.12.2020<\/a><br \/>\n270. Zuspruchtag<\/td><td class=\"column-2\">Lukas 10, 20b<\/td><td class=\"column-3\">Dieter Becker<\/td><td class=\"column-4\">DU<\/td>\n<\/tr>\n<tr class=\"row-21\">\n\t<td class=\"column-1\"><a href=\"http:\/\/zuspruch.dieter-becker.de\/wp-content\/uploads\/2020\/12\/20201220_4.Advent.mp3\" rel=\"noopener noreferrer\" target=\"_blank\">So. 20.12.2020<\/a> Gottesdienstliche Andacht<\/td><td class=\"column-2\">Liturg. Text: Lukas 1, 44b-55<br \/>\nEvangelium: Lukas 1, 26-38<br \/>\nPredigt: 1. Mose 18, 1+2.9-15<\/td><td class=\"column-3\">Dieter Becker<\/td><td class=\"column-4\">Unverhofft kommt oft.<br \/>\nLieder aus dem EG: 9, 7, 6<\/td>\n<\/tr>\n<tr class=\"row-22\">\n\t<td class=\"column-1\"><a href=\"http:\/\/zuspruch.dieter-becker.de\/wp-content\/uploads\/2020\/12\/20201221_Botschaft-PUR.mp3\" rel=\"noopener noreferrer\" target=\"_blank\">Mo, 21.12.2020<\/a><\/td><td class=\"column-2\">Jesaja 29, 13 + 1. Johannes 3, 18<\/td><td class=\"column-3\">Dieter Becker<\/td><td class=\"column-4\">Botschaft PUR<\/td>\n<\/tr>\n<tr class=\"row-23\">\n\t<td class=\"column-1\"><a href=\"http:\/\/zuspruch.dieter-becker.de\/wp-content\/uploads\/2020\/12\/20201222_Kopfkino.mp3\" rel=\"noopener noreferrer\" target=\"_blank\">Di, 22.12.2020<\/a><\/td><td class=\"column-2\">Offenbarung 1, 18a<\/td><td class=\"column-3\">Dieter Becker<\/td><td class=\"column-4\">Kopfkino<\/td>\n<\/tr>\n<tr class=\"row-24\">\n\t<td class=\"column-1\"><a href=\"http:\/\/zuspruch.dieter-becker.de\/wp-content\/uploads\/2020\/12\/20201223_Vollkasko-versus-Zusicherung.mp3\" rel=\"noopener noreferrer\" target=\"_blank\">Mi, 23.12.2020<\/a><\/td><td class=\"column-2\">Psalm 3, 6<\/td><td class=\"column-3\">Dieter Becker<\/td><td class=\"column-4\">Vollkasko versus Zusicherung<\/td>\n<\/tr>\n<tr class=\"row-25\">\n\t<td class=\"column-1\"><a href=\"http:\/\/zuspruch.dieter-becker.de\/wp-content\/uploads\/2020\/12\/20201224_Lebendiger-Gott.mp3\" rel=\"noopener noreferrer\" target=\"_blank\">24.12.2020<\/a><br \/>\nHeiligAbend<\/td><td class=\"column-2\">Psalm 42, 3<\/td><td class=\"column-3\">Dieter Becker<\/td><td class=\"column-4\">Lebendiger Gott<\/td>\n<\/tr>\n<tr class=\"row-26\">\n\t<td class=\"column-1\"><a href=\"http:\/\/zuspruch.dieter-becker.de\/wp-content\/uploads\/2020\/12\/20201224_Christvesper.mp3\" rel=\"noopener noreferrer\" target=\"_blank\">Do, 24.12.2020<\/a><br \/>\nHeiligabend-Christvesper<br \/>\nGottesdienstliche Andacht<\/td><td class=\"column-2\">Psalm: 96 (EG 738)<br \/>\nEv: Lukas 2, 1-20<br \/>\nPredigt: Jesaja 11, 1-10<\/td><td class=\"column-3\">Dieter Becker<\/td><td class=\"column-4\">Hoffnung im Chaos<br \/>\nLieder EG 27, 181.6, 30, 37, 24, 44<\/td>\n<\/tr>\n<tr class=\"row-27\">\n\t<td class=\"column-1\"><a href=\"http:\/\/zuspruch.dieter-becker.de\/wp-content\/uploads\/2020\/12\/20201225_Weihnachten.mp3\" rel=\"noopener noreferrer\" target=\"_blank\">Fr, 25.12.2020<\/a><br \/>\nGeburtstag Jesu<br \/>\nGottesdienstliche Andacht<\/td><td class=\"column-2\">Ps. 96; <br \/>\nEv. Joh 1, 1-5.9-14<br \/>\nPredigt: Jes. 52, 7-10<\/td><td class=\"column-3\">Dieter Becker<br \/>\n<a href=\"http:\/\/predigt-aktuell.de\/20201225-PredigtalsTon.mp3\" rel=\"noopener noreferrer\" target=\"_blank\">Predigt des Gottesdienstes als TONDATEI (19 Min)<\/a><\/td><td class=\"column-4\">Alles in Ordnung - so wie es ist mit dir und mir<br \/>\nLieder 27, 36, 45. 35<\/td>\n<\/tr>\n<tr class=\"row-28\">\n\t<td class=\"column-1\"><a href=\"http:\/\/zuspruch.dieter-becker.de\/wp-content\/uploads\/2020\/12\/20201226_Evangelische-Forensik.mp3\" rel=\"noopener noreferrer\" target=\"_blank\">Sa, 26.12.2020<\/a><br \/>\n2. Weihnachtstag<\/td><td class=\"column-2\">Lukas 1, 15<\/td><td class=\"column-3\">Dieter Becker<\/td><td class=\"column-4\">Evangelische Forensik<\/td>\n<\/tr>\n<tr class=\"row-29\">\n\t<td class=\"column-1\"><a href=\"http:\/\/zuspruch.dieter-becker.de\/wp-content\/uploads\/2020\/12\/20201227_1.So_.n.Weihn_.mp3\" rel=\"noopener noreferrer\" target=\"_blank\">So, 27.12.2020<\/a><br \/>\n1. Sonntag nach Weihnachten<br \/>\nGottesdienstliche Andacht<\/td><td class=\"column-2\">Psalm 71<br \/>\nEvangelium (=Predigttext): Lukas 2, 22-40<\/td><td class=\"column-3\">Dieter Becker<\/td><td class=\"column-4\">Loslassen k\u00f6nnen<br \/>\nLieder 35, 12, 516, 157<\/td>\n<\/tr>\n<tr class=\"row-30\">\n\t<td class=\"column-1\"><a href=\"http:\/\/zuspruch.dieter-becker.de\/wp-content\/uploads\/2020\/12\/20201228_Abgrundtiefe-Scham.mp3\" rel=\"noopener noreferrer\" target=\"_blank\">Mo, 28.12.2020<\/a><\/td><td class=\"column-2\">Jesaja 50, 4<\/td><td class=\"column-3\">Dieter Becker<\/td><td class=\"column-4\">Abgrundtiefe Scham<\/td>\n<\/tr>\n<tr class=\"row-31\">\n\t<td class=\"column-1\"><a href=\"http:\/\/zuspruch.dieter-becker.de\/wp-content\/uploads\/2020\/12\/20201229_Wesensbestimmt.mp3\" rel=\"noopener noreferrer\" target=\"_blank\">Di, 29.12.2020<\/a><br \/>\n280. Zuspruchtag<\/td><td class=\"column-2\">Johanens 1, 11+12<\/td><td class=\"column-3\">Dieter Becker<\/td><td class=\"column-4\">Wesensbestimmt<\/td>\n<\/tr>\n<tr class=\"row-32\">\n\t<td class=\"column-1\"><a href=\"http:\/\/zuspruch.dieter-becker.de\/wp-content\/uploads\/2020\/12\/20201230_Dein-Reich-komme.mp3\" rel=\"noopener noreferrer\" target=\"_blank\">Mi, 30.12.2020<\/a><\/td><td class=\"column-2\">Jesaja 65, 17 + Matth\u00e4us 6, 10<\/td><td class=\"column-3\">Dieter Becker<\/td><td class=\"column-4\">Dein Reich komme<\/td>\n<\/tr>\n<tr class=\"row-33\">\n\t<td class=\"column-1\"><a href=\"http:\/\/zuspruch.dieter-becker.de\/wp-content\/uploads\/2020\/12\/20201231_Richtig-Pfarrer-Fragezeichen.mp3\" rel=\"noopener noreferrer\" target=\"_blank\">Do, 31.12.2020<\/a><br \/>\nSilvester<\/td><td class=\"column-2\">Psalm 6, 10 + Johanes 16, 24<\/td><td class=\"column-3\">Dieter Becker<\/td><td class=\"column-4\">Richtig Pfarrer?<\/td>\n<\/tr>\n<\/tbody>\n<\/table>\n<!-- #tablepress-12 from cache -->\n","protected":false},"excerpt":{"rendered":"<p>Hier finden Sie die t\u00e4glichen evangelischen Zuspr\u00fcche und der gottesdienstlichen AndachtenBeginnend vom 01.12.2020 (Nr. 252) bis zum 31.12.2020 (Nr. 282) Smartphone: Zur besseren Ansicht der Tabelle bitte waagrecht! Wenn du den Newsletter (= Aktualisierungsdienst) mit<\/p>\n","protected":false},"author":1,"featured_media":0,"parent":0,"menu_order":0,"comment_status":"closed","ping_status":"closed","template":"","meta":{"footnotes":""},"_links":{"self":[{"href":"https:\/\/evangelischer-zuspruch.de\/index.php?rest_route=\/wp\/v2\/pages\/919"}],"collection":[{"href":"https:\/\/evangelischer-zuspruch.de\/index.php?rest_route=\/wp\/v2\/pages"}],"about":[{"href":"https:\/\/evangelischer-zuspruch.de\/index.php?rest_route=\/wp\/v2\/types\/page"}],"author":[{"embeddable":true,"href":"https:\/\/evangelischer-zuspruch.de\/index.php?rest_route=\/wp\/v2\/users\/1"}],"replies":[{"embeddable":true,"href":"https:\/\/evangelischer-zuspruch.de\/index.php?rest_route=%2Fwp%2Fv2%2Fcomments&post=919"}],"version-history":[{"count":2,"href":"https:\/\/evangelischer-zuspruch.de\/index.php?rest_route=\/wp\/v2\/pages\/919\/revisions"}],"predecessor-version":[{"id":1003,"href":"https:\/\/evangelischer-zuspruch.de\/index.php?rest_route=\/wp\/v2\/pages\/919\/revisions\/1003"}],"wp:attachment":[{"href":"https:\/\/evangelischer-zuspruch.de\/index.php?rest_route=%2Fwp%2Fv2%2Fmedia&parent=919"}],"curies":[{"name":"wp","href":"https:\/\/api.w.org\/{rel}","templated":true}]}}