{"id":807,"date":"2020-11-25T21:25:40","date_gmt":"2020-11-25T20:25:40","guid":{"rendered":"http:\/\/zuspruch.dieter-becker.de\/?page_id=807"},"modified":"2021-03-03T10:20:02","modified_gmt":"2021-03-03T09:20:02","slug":"zusprueche-als-buch-bestellen","status":"publish","type":"page","link":"https:\/\/evangelischer-zuspruch.de\/?page_id=807","title":{"rendered":"Zuspr\u00fcche als Buch bestellen"},"content":{"rendered":"\n<p>Auf vielfachen Wunsch wurden die Zuspr\u00fcche abgetippt und auch als Buch-Reihe verfasst. <br>Die Reihe &#8222;Evangelischer-Zuspruch.de&#8220; wird in der Folge die einzelnen t\u00e4glichen Zuspr\u00fcche als auch die gottesdienstlichen Andachten als Text herausgeben.<br>Der Erste Band #1 ist am 20.11.2020 erschienen und umfasst die Zuspr\u00fcche aus den Monaten M\u00e4rz bis Mai 2020.<\/p>\n\n\n\n<div class=\"wp-block-media-text alignwide has-media-on-the-right\"><figure class=\"wp-block-media-text__media\"><img loading=\"lazy\" decoding=\"async\" width=\"629\" height=\"843\" src=\"http:\/\/zuspruch.dieter-becker.de\/wp-content\/uploads\/2020\/11\/Cover_Zuspruch1-klein.jpg\" alt=\"\" class=\"wp-image-813\" srcset=\"https:\/\/evangelischer-zuspruch.de\/wp-content\/uploads\/2020\/11\/Cover_Zuspruch1-klein.jpg 629w, https:\/\/evangelischer-zuspruch.de\/wp-content\/uploads\/2020\/11\/Cover_Zuspruch1-klein-224x300.jpg 224w\" sizes=\"(max-width: 629px) 100vw, 629px\" \/><\/figure><div class=\"wp-block-media-text__content\">\n<p class=\"has-small-font-size\">Die t\u00e4glichen Zuspr\u00fcche von Dr. Dieter Becker stellen eine evangelische Besonderheit dar. Seit dem Corona-M\u00e4rz 2020 wird  unter www.evangelischer-zuspruch.de t\u00e4glich heraus-fordernd, direkt und unkonventionell ein Bibeltext f\u00fcr Inte-ressierte ausgelegt, oder auch gerne mal das bisherige Den-ken auf den Kopf gestellt. Die Besonderheit liegt dabei nicht (unbedingt) darin, dass ein Betriebswirt, der auch evange-lischer Pfarrer ist und in beiden \u201eBranchen\u201c arbeitet, diese Zuspr\u00fcche entwirft und spricht. <br>\nDie Besonderheit liegt im Systematisieren von Alltags-zug\u00e4nglichkeit im Blick auf Auslegung von Bibeltexten. Dabei wird weder den Bibeltexten pro forma \u201eWahrheit\u201c zuge-standen noch der Alltagssituation zwingend \u201eWichtigkeit\u201c zugesprochen. Alltag und Bibel im Widerstreit situativer Empfindsamkeit, pers\u00f6nlicher Betroffenheit und interes-santer Anregung stehen hier im Vordergrund.<br>\nW\u00e4hrend andere Zuspr\u00fcche in Zeitung, Radio oder TV als situative Momentaufnahmen verschiedener Personen eigene Thematiken, Stile und Darstellungsformen w\u00e4hlen, geht es hier um Kontinuit\u00e4t, um Best\u00e4ndigkeit. Kontinuit\u00e4t in Bezug auf die konkrete Alltagssituation &#8211; ausgel\u00f6st und losgel\u00f6st durch den Virus, der die bisher bekannte Welt und das Denken lahmlegte. <br>\nAlles ist neu, alles anders &#8211; bis auf die scheinbare Hilflosig-keit der Welt mit dieser Corona-Anforderung umzugehen. <br>\nIn diese \u201eHilflosigkeit\u201c und Neuausrichtung hinein hat der Pfarrer, der Betriebswirt Dieter Becker begonnen, eine Struk-tur der Verl\u00e4sslichkeit t\u00e4glich aufzubauen. <br>\nLesen und h\u00f6ren Sie rein &#8211; in die spannenden, herausfor-dernden, alltagsbezogenen, evangelischen Zuspr\u00fcche zu Glaube, Leben und Zukunft. <\/p>\n\n\n\n<p><\/p>\n<\/div><\/div>\n\n\n\n<p><strong>Als Zuh\u00f6rer erhalten Sie den ersten Band (#1) dann verg\u00fcnstigt, wenn Sie auch Newsletterabonennet sind.<\/strong><\/p>\n\n\n\n<p>Sofern Sie noch kein Abonnent des Newsletters sind, bitte <a href=\"http:\/\/zuspruch.dieter-becker.de\/?page_id=104\">HIER<\/a> eintragen. <\/p>\n\n\n\n<p>Hier k\u00f6nnen Sie das Buch f\u00fcr den regul\u00e4ren Buchhandelspreis von 9,80 \u20ac (inkl. Versandkosten und Rechnung) bestellen. Sofern Sie Newsletterbezieher sind, erhalten Sie das Buch f\u00fcr 5 \u20ac plus 2 Euro Versand.<\/p>\n\n\n\n<p><strong><a href=\"mailto:kontakt@evangelischer-zuspruch.de?subject=Bitte ein Buch &quot;Evangelischer-Zuspruch.de Band 1 zusenden. Adresse siehe unten.\">Buch-Bestellen HIER.<\/a><\/strong> Bitte unbedingt die Adresse angeben.<\/p>\n\n\n\n<p><\/p>\n","protected":false},"excerpt":{"rendered":"<p>Auf vielfachen Wunsch wurden die Zuspr\u00fcche abgetippt und auch als Buch-Reihe verfasst. Die Reihe &#8222;Evangelischer-Zuspruch.de&#8220; wird in der Folge die einzelnen t\u00e4glichen Zuspr\u00fcche als auch die gottesdienstlichen Andachten als Text herausgeben.Der Erste Band #1 ist<\/p>\n","protected":false},"author":1,"featured_media":0,"parent":0,"menu_order":0,"comment_status":"closed","ping_status":"closed","template":"","meta":{"footnotes":""},"_links":{"self":[{"href":"https:\/\/evangelischer-zuspruch.de\/index.php?rest_route=\/wp\/v2\/pages\/807"}],"collection":[{"href":"https:\/\/evangelischer-zuspruch.de\/index.php?rest_route=\/wp\/v2\/pages"}],"about":[{"href":"https:\/\/evangelischer-zuspruch.de\/index.php?rest_route=\/wp\/v2\/types\/page"}],"author":[{"embeddable":true,"href":"https:\/\/evangelischer-zuspruch.de\/index.php?rest_route=\/wp\/v2\/users\/1"}],"replies":[{"embeddable":true,"href":"https:\/\/evangelischer-zuspruch.de\/index.php?rest_route=%2Fwp%2Fv2%2Fcomments&post=807"}],"version-history":[{"count":6,"href":"https:\/\/evangelischer-zuspruch.de\/index.php?rest_route=\/wp\/v2\/pages\/807\/revisions"}],"predecessor-version":[{"id":1065,"href":"https:\/\/evangelischer-zuspruch.de\/index.php?rest_route=\/wp\/v2\/pages\/807\/revisions\/1065"}],"wp:attachment":[{"href":"https:\/\/evangelischer-zuspruch.de\/index.php?rest_route=%2Fwp%2Fv2%2Fmedia&parent=807"}],"curies":[{"name":"wp","href":"https:\/\/api.w.org\/{rel}","templated":true}]}}