{"id":3550,"date":"2023-10-02T21:20:30","date_gmt":"2023-10-02T19:20:30","guid":{"rendered":"https:\/\/evangelischer-zuspruch.de\/?page_id=3550"},"modified":"2023-10-02T21:20:30","modified_gmt":"2023-10-02T19:20:30","slug":"zusprueche-september-2023","status":"publish","type":"page","link":"https:\/\/evangelischer-zuspruch.de\/?page_id=3550","title":{"rendered":"Zuspr\u00fcche: September 2023"},"content":{"rendered":"\n<p>Hier finden Sie die t\u00e4glichen evangelischen Zuspr\u00fcche und der gottesdienstlichen Andachten<br><strong>Beginnend vom <strong>01.09.2023 (Nr. 1256)<\/strong> bis zum 30.09.2023 (Nr. 1285)<\/strong><\/p>\n\n\n\n<p><strong>Smartphone: Zur besseren Ansicht der Tabelle bitte waagrecht! <\/strong> <\/p>\n\n\n\n<p> Wenn du den Newsletter (= Aktualisierungsdienst) mit dem neusten Evangelischen Zuspruch erhalten willst, klicke <a href=\"http:\/\/zuspruch.dieter-becker.de\/?page_id=104\"><strong>HIER<\/strong><\/a> und trage dich ein. Abmelden immer m\u00f6glich. <\/p>\n\n\n\n\n<table id=\"tablepress-60\" class=\"tablepress tablepress-id-60\">\n<thead>\n<tr class=\"row-1\">\n\t<th class=\"column-1\"><strong>Datum<br \/>\nZuspruch Anh\u00f6ren<\/strong><\/th><th class=\"column-2\"><strong>Bibeltext<\/strong><\/th><th class=\"column-3\"><strong>Autor<\/strong><\/th><th class=\"column-4\"><strong>Thema<\/strong><\/th>\n<\/tr>\n<\/thead>\n<tbody class=\"row-striping row-hover\">\n<tr class=\"row-2\">\n\t<td class=\"column-1\"><a href=\"https:\/\/evangelischer-zuspruch.de\/wp-content\/uploads\/2023\/08\/20230901_Bindungsverlust.mp3\" rel=\"noopener\" target=\"_blank\">Fr, 01.09.2023<\/a><\/td><td class=\"column-2\">Jesaja 47, 13<\/td><td class=\"column-3\">Dieter Becker<\/td><td class=\"column-4\">Bindungsverlust<br \/>\nKyros Edikt\/Zylinder:<br \/>\n<a href=\"https:\/\/evangelischer-zuspruch.de\/wp-content\/uploads\/2021\/09\/20210913_Geschichte-als-Deutung.mp3\" rel=\"noopener\" target=\"_blank\">13.09.2021<\/a> &amp; <a href=\"https:\/\/evangelischer-zuspruch.de\/wp-content\/uploads\/2021\/09\/20210915_Glaube-als-Deutung.mp3\" rel=\"noopener\" target=\"_blank\">15.09.2021<\/a><\/td>\n<\/tr>\n<tr class=\"row-3\">\n\t<td class=\"column-1\"><a href=\"https:\/\/evangelischer-zuspruch.de\/wp-content\/uploads\/2023\/08\/20230902_Luegenmaeuler.mp3\" rel=\"noopener\" target=\"_blank\">Sa, 02.09.2023<\/a><\/td><td class=\"column-2\">2. Mose 23, 1 &amp; <br \/>\nEpheser 4, 25<\/td><td class=\"column-3\">Dieter Becker<\/td><td class=\"column-4\">L\u00fcgenm\u00e4uler<\/td>\n<\/tr>\n<tr class=\"row-4\">\n\t<td class=\"column-1\"><a href=\"https:\/\/evangelischer-zuspruch.de\/wp-content\/uploads\/2023\/09\/20230903_13.So_.n.Trin_.mp3\" rel=\"noopener\" target=\"_blank\">So, 03.09.2023<\/a><br \/>\n13. So. n. Trinitatis<\/td><td class=\"column-2\">Psalm 112, 4-9 (Nicht im EG)<br \/>\nEvangelium: Lukas 10, 25-37<br \/>\nPredigttext: <a href=\"https:\/\/www.bibleserver.com\/LUT.Ne%C3%9C.ZB\/1.Johannes4\" rel=\"noopener\" target=\"_blank\">1. Johannes 4<\/a>, (1-6) 7-12 <\/td><td class=\"column-3\">Dieter Becker<\/td><td class=\"column-4\">Leben und <a href=\"https:\/\/de.wikipedia.org\/wiki\/Standardisierung\" rel=\"noopener\" target=\"_blank\">Standardisierung<\/a><br \/>\nLieder 168,414, (EGNE) 612, 251<\/td>\n<\/tr>\n<tr class=\"row-5\">\n\t<td class=\"column-1\"><a href=\"https:\/\/evangelischer-zuspruch.de\/wp-content\/uploads\/2023\/09\/20230904_Jesu-interne-Protokolle.mp3\" rel=\"noopener\" target=\"_blank\">Mo, 04.09.2023<\/a><br \/>\n<\/td><td class=\"column-2\"><a href=\"https:\/\/www.bibleserver.com\/LUT.Ne%C3%9C.ZB\/Johannes14\" rel=\"noopener\" target=\"_blank\">Johannes 14<\/a>, 18<\/td><td class=\"column-3\">Dieter Becker<\/td><td class=\"column-4\">Jesu interne Protokolle<br \/>\n<a href=\"https:\/\/de.wikipedia.org\/wiki\/Evangelium_nach_Johannes\" rel=\"noopener\" target=\"_blank\">Johannesevangelium<\/a><\/td>\n<\/tr>\n<tr class=\"row-6\">\n\t<td class=\"column-1\"><a href=\"https:\/\/evangelischer-zuspruch.de\/wp-content\/uploads\/2023\/09\/20230905_Apfelessen-der-Gottesebenbilder.mp3\" rel=\"noopener\" target=\"_blank\">Di, 05.09.2023<\/a><br \/>\n1260. Zuspruchtag seit 25.03.2020<\/td><td class=\"column-2\"><\/td><td class=\"column-3\">Dieter Becker<\/td><td class=\"column-4\">Apfelesser der Gottesebenbilder<\/td>\n<\/tr>\n<tr class=\"row-7\">\n\t<td class=\"column-1\"><a href=\"https:\/\/evangelischer-zuspruch.de\/wp-content\/uploads\/2023\/09\/20230906_Krieg-und-Frieden.mp3\" rel=\"noopener\" target=\"_blank\">Mi, 06.09.2023<\/a><\/td><td class=\"column-2\">Sacharja 8, 16 &amp; R\u00f6mer 14, 19<\/td><td class=\"column-3\">Dieter Becker<\/td><td class=\"column-4\"><a href=\"https:\/\/de.wikipedia.org\/wiki\/Krieg_und_Frieden\" rel=\"noopener\" target=\"_blank\">Krieg und Frieden<\/a><\/td>\n<\/tr>\n<tr class=\"row-8\">\n\t<td class=\"column-1\"><a href=\"https:\/\/evangelischer-zuspruch.de\/wp-content\/uploads\/2023\/09\/20230907_Selbstverstaendlich.mp3\" rel=\"noopener\" target=\"_blank\">Do, 07.09.2023<\/a><br \/>\n<\/td><td class=\"column-2\"><a href=\"https:\/\/www.bibleserver.com\/LUT.Ne%C3%9C.ZB\/2.Chronik18\" rel=\"noopener\" target=\"_blank\">2. Chronik 18<\/a>, 4 &amp;<br \/>\n2. Timotheus 3, 14<\/td><td class=\"column-3\">Dieter Becker<\/td><td class=\"column-4\">Selbstverst\u00e4ndlich<\/td>\n<\/tr>\n<tr class=\"row-9\">\n\t<td class=\"column-1\"><a href=\"https:\/\/evangelischer-zuspruch.de\/wp-content\/uploads\/2023\/09\/20230908_Warten-auf-Gerechtigkeit.mp3\" rel=\"noopener\" target=\"_blank\">Fr, 08.09.2023<\/a><\/td><td class=\"column-2\"><a href=\"https:\/\/www.bibleserver.com\/LUT.Ne%C3%9C.ZB\/Jesaja26%2C7-21\" rel=\"noopener\" target=\"_blank\">Jesaja 26<\/a>, 19 a<\/td><td class=\"column-3\">Dieter Becker<\/td><td class=\"column-4\">Warten auf Gerechtigkeit<\/td>\n<\/tr>\n<tr class=\"row-10\">\n\t<td class=\"column-1\"><a href=\"https:\/\/evangelischer-zuspruch.de\/wp-content\/uploads\/2023\/09\/20230909_Gereue.mp3\" rel=\"noopener\" target=\"_blank\">Sa, 09.09.2023<\/a><\/td><td class=\"column-2\">R\u00f6mer 11, 29<\/td><td class=\"column-3\">Dieter Becker<\/td><td class=\"column-4\">Ge<a href=\"https:\/\/de.wikipedia.org\/wiki\/Reue\" rel=\"noopener\" target=\"_blank\">reue<\/a><\/td>\n<\/tr>\n<tr class=\"row-11\">\n\t<td class=\"column-1\"><a href=\"https:\/\/evangelischer-zuspruch.de\/wp-content\/uploads\/2023\/09\/20230910_14.So_.n.Trin_.mp3\" rel=\"noopener\" target=\"_blank\">So, 10.09.2023<\/a><br \/>\n14. So. n. Trinitatis<\/td><td class=\"column-2\">Psalm 146 (EG 757)<br \/>\nEvangelium + Predigttext: Lukas 17, 11-19<\/td><td class=\"column-3\">Dieter Becker<\/td><td class=\"column-4\">Pflichtgem\u00e4\u00dfes Christsein<br \/>\nLieder 152, 330, 396, 181.6<\/td>\n<\/tr>\n<tr class=\"row-12\">\n\t<td class=\"column-1\"><a href=\"https:\/\/evangelischer-zuspruch.de\/wp-content\/uploads\/2023\/09\/20230911_Popeye.mp3\" rel=\"noopener\" target=\"_blank\">Mo, 11.09.2023<\/a><br \/>\n<\/td><td class=\"column-2\">Psalm 118, 8 Z\u00fcr &amp; <br \/>\n2. Timotheus 4, 16+17<\/td><td class=\"column-3\">Dieter Becker<\/td><td class=\"column-4\"><a href=\"https:\/\/de.wikipedia.org\/wiki\/Popeye\" rel=\"noopener\" target=\"_blank\">Popeye<\/a><\/td>\n<\/tr>\n<tr class=\"row-13\">\n\t<td class=\"column-1\"><a href=\"https:\/\/evangelischer-zuspruch.de\/wp-content\/uploads\/2023\/09\/20230912_Superhelden.mp3\" rel=\"noopener\" target=\"_blank\">Di, 12.09.2023<\/a><br \/>\n<\/td><td class=\"column-2\">2. Mose 19, 4<\/td><td class=\"column-3\">Dieter Becker<\/td><td class=\"column-4\"><a href=\"https:\/\/de.wikipedia.org\/wiki\/Superheld\" rel=\"noopener\" target=\"_blank\">Suoerheld<\/a>en<\/td>\n<\/tr>\n<tr class=\"row-14\">\n\t<td class=\"column-1\"><a href=\"https:\/\/evangelischer-zuspruch.de\/wp-content\/uploads\/2023\/09\/20230913_Leben-Leiden-Hoffen.mp3\" rel=\"noopener\" target=\"_blank\">Mi, 13.09.2023<\/a><\/td><td class=\"column-2\"><a href=\"https:\/\/www.bibleserver.com\/LUT.Ne%C3%9C.ZB\/Psalm22\" rel=\"noopener\" target=\"_blank\">Psalm 22<\/a>, 23b<\/td><td class=\"column-3\">Dieter Becker<\/td><td class=\"column-4\">Leben-Leiden-Hoffen<\/td>\n<\/tr>\n<tr class=\"row-15\">\n\t<td class=\"column-1\"><a href=\"https:\/\/evangelischer-zuspruch.de\/wp-content\/uploads\/2023\/09\/20230914_Das-Bitten-der-Boesen.mp3\" rel=\"noopener\" target=\"_blank\">Do, 14.09.2023<\/a><br \/>\n<\/td><td class=\"column-2\"><a href=\"https:\/\/www.bibleserver.com\/LUT.Ne%C3%9C.ZB\/Matth%C3%A4us7%2C7-11\" rel=\"noopener\" target=\"_blank\">Matth\u00e4us 7<\/a>, 11<\/td><td class=\"column-3\">Dieter Becker<\/td><td class=\"column-4\">Das Bitten der B\u00f6sen<\/td>\n<\/tr>\n<tr class=\"row-16\">\n\t<td class=\"column-1\"><a href=\"https:\/\/evangelischer-zuspruch.de\/wp-content\/uploads\/2023\/09\/20230915_Richter-und-Retter.mp3\" rel=\"noopener\" target=\"_blank\">Fr, 15.09.2023<\/a><br \/>\n1270. Zuspruchtag seit 25.03.2020<\/td><td class=\"column-2\"><a href=\"https:\/\/www.bibleserver.com\/LUT.Ne%C3%9C.ZB\/Johannes12%2C44-48\" rel=\"noopener\" target=\"_blank\">Johannes 12<\/a>, 47<\/td><td class=\"column-3\">Dieter Becker<\/td><td class=\"column-4\">Richter und Retter<\/td>\n<\/tr>\n<tr class=\"row-17\">\n\t<td class=\"column-1\"><a href=\"https:\/\/evangelischer-zuspruch.de\/wp-content\/uploads\/2023\/09\/20230916_Konsequentes-Christsein.mp3\" rel=\"noopener\" target=\"_blank\">Sa, 16.09.2023<\/a><\/td><td class=\"column-2\"><a href=\"https:\/\/www.bibleserver.com\/LUT.Ne%C3%9C.ZB\/1.Petrus2%2C18-25\" rel=\"noopener\" target=\"_blank\">1. Petrus 2<\/a>, 21+23 Z\u00fcr<\/td><td class=\"column-3\">Dieter Becker<\/td><td class=\"column-4\">Konsequentes Christsein<\/td>\n<\/tr>\n<tr class=\"row-18\">\n\t<td class=\"column-1\"><a href=\"https:\/\/evangelischer-zuspruch.de\/wp-content\/uploads\/2023\/09\/20230917_15.So_.n.Trin_.mp3\" rel=\"noopener\" target=\"_blank\">So, 17.09.2023<\/a><br \/>\n15. So. n. Trinitatis<\/td><td class=\"column-2\">Psalm 127 (Nicht im EG)<br \/>\nEvangelum: Matth\u00e4us 6, 25-34<br \/>\nPredigt: 1. Mose 15, 1-6<\/td><td class=\"column-3\">Dieter Becker<\/td><td class=\"column-4\">\"<a href=\"https:\/\/de.wikipedia.org\/wiki\/Baugruppe\" rel=\"noopener\" target=\"_blank\">Baugruppe<\/a>\"<br \/>\n<a href=\"https:\/\/de.wikipedia.org\/wiki\/Abraham\" rel=\"noopener\" target=\"_blank\">Abra[ha]m<\/a> als Ur-Vater<br \/>\nLieder 409, 369, 432, 295<\/td>\n<\/tr>\n<tr class=\"row-19\">\n\t<td class=\"column-1\"><a href=\"https:\/\/evangelischer-zuspruch.de\/wp-content\/uploads\/2023\/09\/20230918_Sippengnade.mp3\" rel=\"noopener\" target=\"_blank\">Mo, 18.09.2023<\/a><br \/>\n<\/td><td class=\"column-2\"><a href=\"https:\/\/www.bibleserver.com\/LUT.Ne%C3%9C.ZB\/Hesekiel18\" rel=\"noopener\" target=\"_blank\">Hesekiel 18<\/a>, 4<\/td><td class=\"column-3\">Dieter Becker<\/td><td class=\"column-4\">Sippengnade<\/td>\n<\/tr>\n<tr class=\"row-20\">\n\t<td class=\"column-1\"><a href=\"https:\/\/evangelischer-zuspruch.de\/wp-content\/uploads\/2023\/09\/20230919_Biblische-Komposition.mp3\" rel=\"noopener\" target=\"_blank\">Di, 19.09.2023<\/a><\/td><td class=\"column-2\"><a href=\"https:\/\/www.bibleserver.com\/LUT.Ne%C3%9C.ZB\/Lukas6\" rel=\"noopener\" target=\"_blank\">Lukas 6<\/a>, 12<\/td><td class=\"column-3\">Dieter Becker<\/td><td class=\"column-4\"><a href=\"https:\/\/www.joerg-sieger.de\/einleit\/nt\/02evan\/nt23.php\" rel=\"noopener\" target=\"_blank\">Biblische Komposition<\/a><\/td>\n<\/tr>\n<tr class=\"row-21\">\n\t<td class=\"column-1\"><a href=\"https:\/\/evangelischer-zuspruch.de\/wp-content\/uploads\/2023\/09\/20230920_Urfurcht.mp3\" rel=\"noopener\" target=\"_blank\">Mi, 20.09.2023<\/a><\/td><td class=\"column-2\">Spr\u00fcche 14, 6<\/td><td class=\"column-3\">Dieter Becker<\/td><td class=\"column-4\">Urfurcht<\/td>\n<\/tr>\n<tr class=\"row-22\">\n\t<td class=\"column-1\"><a href=\"https:\/\/evangelischer-zuspruch.de\/wp-content\/uploads\/2023\/09\/20230921_Randale-Jesu.mp3\" rel=\"noopener\" target=\"_blank\">Do, 21.09.2023<\/a><br \/>\n<\/td><td class=\"column-2\">Lukas 19, 45-46a + b<\/td><td class=\"column-3\">Dieter Becker<\/td><td class=\"column-4\">Randale Jesu<br \/>\n(\"<a href=\"https:\/\/de.wikipedia.org\/wiki\/Tempelreinigung\" rel=\"noopener\" target=\"_blank\">Tempelreinigung<\/a>\")<\/td>\n<\/tr>\n<tr class=\"row-23\">\n\t<td class=\"column-1\"><a href=\"https:\/\/evangelischer-zuspruch.de\/wp-content\/uploads\/2023\/09\/20230922_Die-Baeume-klatschen.mp3\" rel=\"noopener\" target=\"_blank\">Fr, 22.09.2023<\/a><\/td><td class=\"column-2\"><a href=\"https:\/\/www.bibleserver.com\/LUT.Ne%C3%9C.ZB\/Jesaja55\" rel=\"noopener\" target=\"_blank\">Jesaja 55<\/a>, 5<\/td><td class=\"column-3\">Dieter Becker<\/td><td class=\"column-4\">Die B\u00e4ume klatschen<\/td>\n<\/tr>\n<tr class=\"row-24\">\n\t<td class=\"column-1\"><a href=\"https:\/\/evangelischer-zuspruch.de\/wp-content\/uploads\/2023\/09\/20230923_Ohne-Scham-nach-vorne.mp3\" rel=\"noopener\" target=\"_blank\">Sa, 23.09.2023<\/a><\/td><td class=\"column-2\">Jesaja 54, 4 &amp; Philipper 3, 13<\/td><td class=\"column-3\">Dieter Becker<\/td><td class=\"column-4\">Ohne Scham nach vorne<\/td>\n<\/tr>\n<tr class=\"row-25\">\n\t<td class=\"column-1\"><a href=\"https:\/\/evangelischer-zuspruch.de\/wp-content\/uploads\/2023\/09\/20230924_16.So_.n.Trin_.mp3\" rel=\"noopener\" target=\"_blank\">So, 24.09.2023<\/a><br \/>\n16. So. n. Trinitatis<\/td><td class=\"column-2\">Psalm 68 (Teile; nicht im EG)<br \/>\nEvangelium: Johannes 11, 1.3.17-21, 41-45\u00a0<br \/>\nPredigt: Hebr\u00e4er 10, 35.36.39<\/td><td class=\"column-3\">Dieter Becker<\/td><td class=\"column-4\">Standfestigkeit<\/td>\n<\/tr>\n<tr class=\"row-26\">\n\t<td class=\"column-1\"><a href=\"https:\/\/evangelischer-zuspruch.de\/wp-content\/uploads\/2023\/09\/20230925_Treppe-zur-Ewigkeit.mp3\" rel=\"noopener\" target=\"_blank\">Mo, 25.09.2023<\/a><br \/>\n1280. Zuspruchtag seit 25.03.2020<\/td><td class=\"column-2\">Psalm 33, 4 &amp; Matth\u00e4us 24, 35<\/td><td class=\"column-3\">Dieter Becker<\/td><td class=\"column-4\">Treppe zur Ewigkeit<br \/>\n<a href=\"https:\/\/www.baunetzwissen.de\/treppen\/objekte\/buero-gewerbe\/postgebaeude-helix-in-luxemburg-8349350\/gallery-1\/9\" rel=\"noopener\" target=\"_blank\">Treppenbild<\/a><br \/>\n<a href=\"https:\/\/nv-entdecken.de\/nv-entdecken\/sehenswertes\/himmelstreppe.html\" rel=\"noopener\" target=\"_blank\">Himmelstreppe Neukirchen-Vluyn<\/a><\/td>\n<\/tr>\n<tr class=\"row-27\">\n\t<td class=\"column-1\"><a href=\"https:\/\/evangelischer-zuspruch.de\/wp-content\/uploads\/2023\/09\/20230926_2000-Saeue.mp3\" rel=\"noopener\" target=\"_blank\">Di, 26.09.2023<\/a><br \/>\n<\/td><td class=\"column-2\"><a href=\"https:\/\/www.bibleserver.com\/LUT.Ne%C3%9C.ZB\/Markus5\" rel=\"noopener\" target=\"_blank\">Markus 5<\/a>, 19 (b+c)<\/td><td class=\"column-3\">Dieter Becker<\/td><td class=\"column-4\"><a href=\"https:\/\/de.wikipedia.org\/wiki\/Legion_(D%C3%A4mon)\" rel=\"noopener\" target=\"_blank\">2000 S\u00e4ue<\/a><br \/>\n<a href=\"https:\/\/de.wikipedia.org\/wiki\/Apopompe\" rel=\"noopener\" target=\"_blank\">Apopomp\u00e9<\/a> \/ Epipmp\u00e9<br \/>\n<\/td>\n<\/tr>\n<tr class=\"row-28\">\n\t<td class=\"column-1\"><a href=\"https:\/\/evangelischer-zuspruch.de\/wp-content\/uploads\/2023\/09\/20230927_Gottes-Hand.mp3\" rel=\"noopener\" target=\"_blank\">Mi, 27.09.2023<\/a><\/td><td class=\"column-2\">Psalm 95, 4 &amp; Offenbarung 14, 7<\/td><td class=\"column-3\">Dieter Becker<\/td><td class=\"column-4\">Gottes Hand<br \/>\n<a href=\"http:\/\/www.l4a.org\/cgi-bin\/4lieder?previousPageMode=entryMenu&amp;lookup=Evangelisches+Gesangbuch+424&amp;highlightedWords=&amp;advancedSearch=&amp;Go%21.x=0&amp;Go%21.y=0&amp;lookupMode=liedaufschlagen&amp;BibleVersion=EG\" rel=\"noopener\" target=\"_blank\">EG 424<\/a><\/td>\n<\/tr>\n<tr class=\"row-29\">\n\t<td class=\"column-1\"><a href=\"https:\/\/evangelischer-zuspruch.de\/wp-content\/uploads\/2023\/09\/20230928_Himmelsbuerger.mp3\" rel=\"noopener\" target=\"_blank\">Do, 28.09.2023<\/a><br \/>\n<\/td><td class=\"column-2\">Philipper 3, 20<\/td><td class=\"column-3\">Dieter Becker<\/td><td class=\"column-4\"><a href=\"https:\/\/de.wikipedia.org\/wiki\/Politeuma\" rel=\"noopener\" target=\"_blank\">Himmelsb\u00fcrger<\/a><\/td>\n<\/tr>\n<tr class=\"row-30\">\n\t<td class=\"column-1\"><a href=\"https:\/\/evangelischer-zuspruch.de\/wp-content\/uploads\/2023\/09\/20230929_Liebe-Feinde.mp3\" rel=\"noopener\" target=\"_blank\">Fr, 29.09.2023<\/a><\/td><td class=\"column-2\">Psalm 34, 8<br \/>\nMichaelistag<\/td><td class=\"column-3\">Dieter Becker<\/td><td class=\"column-4\"><a href=\"https:\/\/de.wikipedia.org\/wiki\/Erzengel_Michael\" rel=\"noopener\" target=\"_blank\"><\/a><\/td>\n<\/tr>\n<tr class=\"row-31\">\n\t<td class=\"column-1\"><a href=\"https:\/\/evangelischer-zuspruch.de\/wp-content\/uploads\/2023\/09\/20230930_Suffizienz.mp3\" rel=\"noopener\" target=\"_blank\">Sa, 30.09.2023<\/a><\/td><td class=\"column-2\">Hebr\u00e4er 13, 5 (a) Z\u00fcricher \u00dcbersetzung<\/td><td class=\"column-3\">Dieter Becker<\/td><td class=\"column-4\"><a href=\"https:\/\/de.wikipedia.org\/wiki\/Suffizienz\" rel=\"noopener\" target=\"_blank\">Suffizienz<\/a><\/td>\n<\/tr>\n<\/tbody>\n<\/table>\n\n\n\n<p><!--EndFragment--><\/p>","protected":false},"excerpt":{"rendered":"<p>Hier finden Sie die t\u00e4glichen evangelischen Zuspr\u00fcche und der gottesdienstlichen AndachtenBeginnend vom 01.09.2023 (Nr. 1256) bis zum 30.09.2023 (Nr. 1285) Smartphone: Zur besseren Ansicht der Tabelle bitte waagrecht! Wenn du den Newsletter (= Aktualisierungsdienst) mit<\/p>\n","protected":false},"author":1,"featured_media":0,"parent":0,"menu_order":0,"comment_status":"closed","ping_status":"closed","template":"","meta":{"footnotes":""},"_links":{"self":[{"href":"https:\/\/evangelischer-zuspruch.de\/index.php?rest_route=\/wp\/v2\/pages\/3550"}],"collection":[{"href":"https:\/\/evangelischer-zuspruch.de\/index.php?rest_route=\/wp\/v2\/pages"}],"about":[{"href":"https:\/\/evangelischer-zuspruch.de\/index.php?rest_route=\/wp\/v2\/types\/page"}],"author":[{"embeddable":true,"href":"https:\/\/evangelischer-zuspruch.de\/index.php?rest_route=\/wp\/v2\/users\/1"}],"replies":[{"embeddable":true,"href":"https:\/\/evangelischer-zuspruch.de\/index.php?rest_route=%2Fwp%2Fv2%2Fcomments&post=3550"}],"version-history":[{"count":1,"href":"https:\/\/evangelischer-zuspruch.de\/index.php?rest_route=\/wp\/v2\/pages\/3550\/revisions"}],"predecessor-version":[{"id":3551,"href":"https:\/\/evangelischer-zuspruch.de\/index.php?rest_route=\/wp\/v2\/pages\/3550\/revisions\/3551"}],"wp:attachment":[{"href":"https:\/\/evangelischer-zuspruch.de\/index.php?rest_route=%2Fwp%2Fv2%2Fmedia&parent=3550"}],"curies":[{"name":"wp","href":"https:\/\/api.w.org\/{rel}","templated":true}]}}