{"id":342,"date":"2020-06-02T18:35:31","date_gmt":"2020-06-02T16:35:31","guid":{"rendered":"http:\/\/zuspruch.dieter-becker.de\/?page_id=342"},"modified":"2020-06-02T18:45:37","modified_gmt":"2020-06-02T16:45:37","slug":"zusprueche-in-maerz-und-april-vom-25-03-bis-30-04-2020","status":"publish","type":"page","link":"https:\/\/evangelischer-zuspruch.de\/?page_id=342","title":{"rendered":"Zuspr\u00fcche: M\u00e4rz &#038; April 2020"},"content":{"rendered":"\n<p>Hier finden Sie die t\u00e4glichen evangelischen Zuspr\u00fcche von M\u00e4rz&amp;April 2020<br>Beginnend vom ersten Zuspruch am 25.03.2020 bis zum 30.04.2020<br><strong>Smartphone: Zur besseren Ansicht der Tabelle bitte waagrecht! <\/strong><\/p>\n\n\n\n<p>Wenn du den Newsletter (= Aktualisierungsdienst) mit dem neusten Evangelischen Zuspruch erhalten willst, klicke <a href=\"http:\/\/zuspruch.dieter-becker.de\/?page_id=104\"><strong>HIER<\/strong><\/a> und trage dich ein. Abmelden immer m\u00f6glich.<\/p>\n\n\n\n\n<table id=\"tablepress-2\" class=\"tablepress tablepress-id-2\">\n<thead>\n<tr class=\"row-1\">\n\t<th class=\"column-1\"><strong>Datum<br \/>\nZuspruch Anh\u00f6ren<\/strong><\/th><th class=\"column-2\"><strong>Bibeltext<\/strong><\/th><th class=\"column-3\"><strong>Autor<\/strong><\/th><th class=\"column-4\"><strong>Thema<\/strong><\/th>\n<\/tr>\n<\/thead>\n<tbody class=\"row-striping row-hover\">\n<tr class=\"row-2\">\n\t<td class=\"column-1\"><a href=\"http:\/\/zuspruch.dieter-becker.de\/wp-content\/uploads\/2020\/03\/20200325_Warum_haben_wir_keine_Einkaufswagen.mp3\" rel=\"noopener noreferrer\" target=\"_blank\">Mi, 25.03.2020<\/a><\/td><td class=\"column-2\">Jesaja 29, 16<br \/>\nLosung<\/td><td class=\"column-3\">Dieter Becker<\/td><td class=\"column-4\">Einkaufswagen<br \/>\nGottesdienste<\/td>\n<\/tr>\n<tr class=\"row-3\">\n\t<td class=\"column-1\"><a href=\"http:\/\/zuspruch.dieter-becker.de\/wp-content\/uploads\/2020\/03\/20200326_Kroesus_EinkehrundUmkehr.mp3\" rel=\"noopener noreferrer\" target=\"_blank\">Do, 26.03.2020<\/a><\/td><td class=\"column-2\">2. Korinther 7, 10<br \/>\nLehrtext<\/td><td class=\"column-3\">Dieter Becker<\/td><td class=\"column-4\">Ein- und Umkehr<br \/>\nKr\u00f6sus<\/td>\n<\/tr>\n<tr class=\"row-4\">\n\t<td class=\"column-1\"><a href=\"http:\/\/zuspruch.dieter-becker.de\/wp-content\/uploads\/2020\/03\/20200327_Corona_Herzchen-Kerzchentheologie.mp3\">Fr, 27.03.2020<\/a><\/td><td class=\"column-2\">Jeremia 17, 9-11<br \/>\nLosung<\/td><td class=\"column-3\">Dieter Becker<\/td><td class=\"column-4\">Herzchen- &amp; Kerzchentheologie<\/td>\n<\/tr>\n<tr class=\"row-5\">\n\t<td class=\"column-1\"><a href=\"http:\/\/zuspruch.dieter-becker.de\/wp-content\/uploads\/2020\/03\/20200328_KriseundGottesFurcht.mp3\" rel=\"noopener noreferrer\" target=\"_blank\">Sa, 28.03.2020<\/a><\/td><td class=\"column-2\">Psalm 147, 11<br \/>\nLosung<\/td><td class=\"column-3\">Dieter Becker<\/td><td class=\"column-4\">Krise und Gottesfurcht<\/td>\n<\/tr>\n<tr class=\"row-6\">\n\t<td class=\"column-1\"><a href=\"http:\/\/zuspruch.dieter-becker.de\/wp-content\/uploads\/2020\/03\/20200329_Krise-Christi_Loesegeld.mp3\" rel=\"noopener noreferrer\" target=\"_blank\">So, 29.03.2020<\/a><\/td><td class=\"column-2\">Matth\u00e4us 20, 28<br \/>\nWochenspruch<\/td><td class=\"column-3\">Dieter Becker<\/td><td class=\"column-4\">Krise - das L\u00f6segeld<\/td>\n<\/tr>\n<tr class=\"row-7\">\n\t<td class=\"column-1\"><a href=\"http:\/\/www.evfa-raunheim.de\/godi\/20200329_Judika.MP4\" rel=\"noopener noreferrer\" target=\"_blank\">So, 29.03.2020 Gottesdienst<\/a><\/td><td class=\"column-2\">Hebr. 13, 12-14<\/td><td class=\"column-3\">Dieter Becker; Orgel: M. Hesse; Kamera: M. Schauwienold<\/td><td class=\"column-4\">Winkelmesse und die Zuk\u00fcnftige Stadt<\/td>\n<\/tr>\n<tr class=\"row-8\">\n\t<td class=\"column-1\"><a href=\"http:\/\/zuspruch.dieter-becker.de\/wp-content\/uploads\/2020\/03\/20200330_AmbivalenzundZuversicht.mp3\" rel=\"noopener noreferrer\" target=\"_blank\">Mo, 30.03.2020<\/a><\/td><td class=\"column-2\">Jeremia 8, 4<\/td><td class=\"column-3\">Dieter Becker<\/td><td class=\"column-4\">Ambivalenz und Zuversicht<\/td>\n<\/tr>\n<tr class=\"row-9\">\n\t<td class=\"column-1\"><a href=\"http:\/\/zuspruch.dieter-becker.de\/wp-content\/uploads\/2020\/03\/20200331_AufmerksamundGemeinsam.mp3\" rel=\"noopener noreferrer\" target=\"_blank\">Di, 31.03.2020<\/a><\/td><td class=\"column-2\">Sacharja 6, 15a+c<br \/>\n15a: Losung<\/td><td class=\"column-3\">Dieter Becker<\/td><td class=\"column-4\">Aufmerksam und Gemeinsam<\/td>\n<\/tr>\n<tr class=\"row-10\">\n\t<td class=\"column-1\"><a href=\"http:\/\/zuspruch.dieter-becker.de\/wp-content\/uploads\/2020\/04\/20200401_TraurigkeitundHoffnung.mp3\" rel=\"noopener noreferrer\" target=\"_blank\">Mi, 01.04.2020<\/a><\/td><td class=\"column-2\">Johannes 16, 22<\/td><td class=\"column-3\">Dieter Becker<\/td><td class=\"column-4\">Traurigkeit und Hoffnung<\/td>\n<\/tr>\n<tr class=\"row-11\">\n\t<td class=\"column-1\"><a href=\"http:\/\/zuspruch.dieter-becker.de\/wp-content\/uploads\/2020\/04\/20200402_Das-Wunder-des-Einkaufswagens.mp3\" rel=\"noopener noreferrer\" target=\"_blank\">Do, 02.04.2020<\/a><\/td><td class=\"column-2\">Psalm 71, 17<\/td><td class=\"column-3\">Dieter Becker<\/td><td class=\"column-4\">Das Wunder der Einkaufswagen (<a href=\"http:\/\/zuspruch.dieter-becker.de\/?page_id=127\" rel=\"noopener noreferrer\" target=\"_blank\">FOTOS<\/a>)<\/td>\n<\/tr>\n<tr class=\"row-12\">\n\t<td class=\"column-1\"><a href=\"http:\/\/zuspruch.dieter-becker.de\/wp-content\/uploads\/2020\/04\/20200403_Output-der-Kinder-des-Lichts.mp3\" rel=\"noopener noreferrer\" target=\"_blank\">Fr, 03.04.2020<\/a><\/td><td class=\"column-2\">Epheser 5, 8c+9<\/td><td class=\"column-3\">Dieter Becker<\/td><td class=\"column-4\">Output der Kinder des Lichts<\/td>\n<\/tr>\n<tr class=\"row-13\">\n\t<td class=\"column-1\"><a href=\"http:\/\/zuspruch.dieter-becker.de\/wp-content\/uploads\/2020\/04\/20200404_Gott-als-Option.mp3\" rel=\"noopener noreferrer\" target=\"_blank\">Sa, 04.04.2020<\/a><\/td><td class=\"column-2\">Psalm 115, (1). 2+3<\/td><td class=\"column-3\">Dieter Becker<\/td><td class=\"column-4\">Gott als Option<\/td>\n<\/tr>\n<tr class=\"row-14\">\n\t<td class=\"column-1\"><a href=\"http:\/\/zuspruch.dieter-becker.de\/wp-content\/uploads\/2020\/04\/20200405_Tod-und-Leben.mp3\" rel=\"noopener noreferrer\" target=\"_blank\">So, 05.04.2020<\/a><br \/>\nPalmarum<\/td><td class=\"column-2\">Psalm 68, 27<\/td><td class=\"column-3\">Dieter Becker<\/td><td class=\"column-4\">Tod und Leben<\/td>\n<\/tr>\n<tr class=\"row-15\">\n\t<td class=\"column-1\"><a href=\"http:\/\/www.evfa-raunheim.de\/godi\/20200405_Palmarum.MP4\" rel=\"noopener noreferrer\" target=\"_blank\">So, 05.04.2020 Gottesdienst<\/a><br \/>\nPalmarum<\/td><td class=\"column-2\">Markus 14, 1-9<\/td><td class=\"column-3\">Kai Merten; Orgel: M. Hesse; K\u00fcsterin: K. Steli<\/td><td class=\"column-4\">Online Video Gottesdienst der Paulusgemeinde<\/td>\n<\/tr>\n<tr class=\"row-16\">\n\t<td class=\"column-1\"><a href=\"http:\/\/zuspruch.dieter-becker.de\/wp-content\/uploads\/2020\/04\/20200406_Geboren-zur-Wahrheit.mp3\" rel=\"noopener noreferrer\" target=\"_blank\">Mo, 06.04.2020<\/a><\/td><td class=\"column-2\">Johannes 18, 37<\/td><td class=\"column-3\">Dieter Becker<\/td><td class=\"column-4\">Geboren zur Wahrheit<\/td>\n<\/tr>\n<tr class=\"row-17\">\n\t<td class=\"column-1\"><a href=\"http:\/\/zuspruch.dieter-becker.de\/wp-content\/uploads\/2020\/04\/20200407_Furcht-und-Glaube.mp3\" rel=\"noopener noreferrer\" target=\"_blank\">Di, 07.04.2020<\/a><\/td><td class=\"column-2\">Markus 4, 40<\/td><td class=\"column-3\">Dieter Becker<\/td><td class=\"column-4\">Furcht und Glaube<\/td>\n<\/tr>\n<tr class=\"row-18\">\n\t<td class=\"column-1\"><a href=\"http:\/\/zuspruch.dieter-becker.de\/wp-content\/uploads\/2020\/04\/20200408_Traurigkeit-in-Freude-verwandeln.mp3\" rel=\"noopener noreferrer\" target=\"_blank\">Mi, 08.04.2020<\/a><\/td><td class=\"column-2\"><a href=\"https:\/\/www.bibleserver.com\/Ne%C3%9C.LUT\/Johannes16%2C20\" rel=\"noopener noreferrer\" target=\"_blank\">Johannes 16, 20<\/a><\/td><td class=\"column-3\">Dieter Becker<\/td><td class=\"column-4\">Trauer in Freude verwandeln<\/td>\n<\/tr>\n<tr class=\"row-19\">\n\t<td class=\"column-1\"><a href=\"http:\/\/zuspruch.dieter-becker.de\/wp-content\/uploads\/2020\/04\/20200409_Nichts-dahinter_davor.mp3\" rel=\"noopener noreferrer\" target=\"_blank\">G-Do, 09.04.2020<\/a><\/td><td class=\"column-2\">Markus 14, 26<\/td><td class=\"column-3\">Dieter Becker<\/td><td class=\"column-4\">Nichts dahinter - nur davor<\/td>\n<\/tr>\n<tr class=\"row-20\">\n\t<td class=\"column-1\"><a href=\"http:\/\/zuspruch.dieter-becker.de\/wp-content\/uploads\/2020\/04\/20200410_Absentismus-vom-Ewigen-Leben.mp3\" rel=\"noopener noreferrer\" target=\"_blank\">K-Fr, 10.04.2020<\/a><\/td><td class=\"column-2\">Johannes 3, 16<\/td><td class=\"column-3\">Dieter Becker<\/td><td class=\"column-4\">Absentismus vom Ewigen Leben?<\/td>\n<\/tr>\n<tr class=\"row-21\">\n\t<td class=\"column-1\"><a href=\"http:\/\/www.evfa-raunheim.de\/godi\/20200410_Karfreitag.MP4\" rel=\"noopener noreferrer\" target=\"_blank\">K-Fr, 10.04.2020<br \/>\nGottesdienst 12:00 Uhr<\/a><\/td><td class=\"column-2\">Predigt: 2. Kor. 5, 14-21<\/td><td class=\"column-3\">Dieter Becker<br \/>\nOrgel: M. Hesse<br \/>\nKamera: M. Schauwienold<\/td><td class=\"column-4\">Gl\u00fccks- oder Kreuzestheologie<\/td>\n<\/tr>\n<tr class=\"row-22\">\n\t<td class=\"column-1\"><a href=\"http:\/\/zuspruch.dieter-becker.de\/wp-content\/uploads\/2020\/04\/20200411_Ohne-Gott-los.mp3\" rel=\"noopener noreferrer\" target=\"_blank\">K-Sa, 11.04.2020<\/a><\/td><td class=\"column-2\">1. Petrus 2, 24<\/td><td class=\"column-3\">Dieter Becker<\/td><td class=\"column-4\">Gott - los?<\/td>\n<\/tr>\n<tr class=\"row-23\">\n\t<td class=\"column-1\"><a href=\"http:\/\/zuspruch.dieter-becker.de\/wp-content\/uploads\/2020\/04\/20200412_Auferstehung-zur-Zukunft.mp3\" rel=\"noopener noreferrer\" target=\"_blank\">O-So, 12.04.2020<\/a><\/td><td class=\"column-2\">Offenbarung 1, (17b.18a) 18b<\/td><td class=\"column-3\">Dieter Becker<\/td><td class=\"column-4\">Auferstehung zur Zukunft<\/td>\n<\/tr>\n<tr class=\"row-24\">\n\t<td class=\"column-1\"><a href=\"http:\/\/zuspruch.dieter-becker.de\/wp-content\/uploads\/2020\/04\/20200413_Engel-Gottes.mp3\" rel=\"noopener noreferrer\" target=\"_blank\">O-Mo, 13.04.2020<\/a><\/td><td class=\"column-2\">1. Mose 32, 2<\/td><td class=\"column-3\">Dieter Becker<\/td><td class=\"column-4\">Engel Gottes<\/td>\n<\/tr>\n<tr class=\"row-25\">\n\t<td class=\"column-1\"><a href=\"http:\/\/zuspruch.dieter-becker.de\/wp-content\/uploads\/2020\/04\/20200414_Arm-Gottes.mp3\" rel=\"noopener noreferrer\" target=\"_blank\">Di, 14.04.2020<\/a><\/td><td class=\"column-2\">Jesaja 51, 5<\/td><td class=\"column-3\">Dieter Becker<\/td><td class=\"column-4\">Arm Gottes<\/td>\n<\/tr>\n<tr class=\"row-26\">\n\t<td class=\"column-1\"><a href=\"http:\/\/zuspruch.dieter-becker.de\/wp-content\/uploads\/2020\/04\/20200415_Evangelium-und-Zerissenheit.mp3\" rel=\"noopener noreferrer\" target=\"_blank\">Mi, 15.04.2020<\/a><\/td><td class=\"column-2\">2. Korinther 6, 4+10<\/td><td class=\"column-3\">Dieter Becker<\/td><td class=\"column-4\">Evangelium und Zerrissenheit<\/td>\n<\/tr>\n<tr class=\"row-27\">\n\t<td class=\"column-1\"><a href=\"http:\/\/zuspruch.dieter-becker.de\/wp-content\/uploads\/2020\/04\/20200416_Klugheit-und-Evangelium.mp3\" rel=\"noopener noreferrer\" target=\"_blank\">Do, 16.04.2020<\/a><\/td><td class=\"column-2\">Jesaja 5, 21 + 1. Korinther 2, 12<\/td><td class=\"column-3\">Dieter Becker<\/td><td class=\"column-4\">Klugheit und Evangelium<\/td>\n<\/tr>\n<tr class=\"row-28\">\n\t<td class=\"column-1\"><a href=\"http:\/\/zuspruch.dieter-becker.de\/wp-content\/uploads\/2020\/04\/20200416_Das-Heil-liegt-im-Serum.mp3\" rel=\"noopener noreferrer\" target=\"_blank\">Do, 16.04.2020 Zwischenzuspruch<\/a><\/td><td class=\"column-2\">Eine evangelische Zwischenbilanz<\/td><td class=\"column-3\">Dieter Becker<\/td><td class=\"column-4\">Das Heil liegt im Serum! HALLO???<\/td>\n<\/tr>\n<tr class=\"row-29\">\n\t<td class=\"column-1\">Fr, 17.04.2020<br \/>\n<a href=\"http:\/\/zuspruch.dieter-becker.de\/wp-content\/uploads\/2020\/04\/20200417_Uebel-im-Himmelreich_.mp3\" rel=\"noopener noreferrer\" target=\"_blank\">Baumarkt-Zuspruch 2:02<\/a><br \/>\n<a href=\"http:\/\/zuspruch.dieter-becker.de\/wp-content\/uploads\/2020\/04\/20200417_Erloesung-und-Himmel.mp3\" rel=\"noopener noreferrer\" target=\"_blank\">Pastoral-Long Version 9:07<\/a><\/td><td class=\"column-2\">2. Timotheus 4, 18<br \/>\nHinweis, manche Zuspr\u00fcche seien erm\u00fcdend, nun eine Light und eine Bright Version<\/td><td class=\"column-3\">Dieter Becker<\/td><td class=\"column-4\">Erl\u00f6se mich vom \u00dcbel - Baumarkt-\u00dcbel (2:02)<br \/>\nErl\u00f6sung und Himmel - Pastorale Version (9:07)<\/td>\n<\/tr>\n<tr class=\"row-30\">\n\t<td class=\"column-1\"><a href=\"http:\/\/zuspruch.dieter-becker.de\/wp-content\/uploads\/2020\/04\/20200418_Auspizien-dem-Evangelischen.mp3\" rel=\"noopener noreferrer\" target=\"_blank\">Sa, 18.04.2020<\/a><\/td><td class=\"column-2\">Jeremia 8, 7<\/td><td class=\"column-3\">Dieter Becker<\/td><td class=\"column-4\">Auspizien dem Evangelischen<\/td>\n<\/tr>\n<tr class=\"row-31\">\n\t<td class=\"column-1\"><a href=\"http:\/\/zuspruch.dieter-becker.de\/wp-content\/uploads\/2020\/04\/20200419_Luxus-und-Corona.mp3\" rel=\"noopener noreferrer\" target=\"_blank\">So, 19.04.2020<\/a><\/td><td class=\"column-2\">5. Mose 32,10 + Lukas 12, 32<br \/>\nJesaja 40, 26-31<\/td><td class=\"column-3\">Dieter Becker<\/td><td class=\"column-4\">Luxus und Corona<\/td>\n<\/tr>\n<tr class=\"row-32\">\n\t<td class=\"column-1\"><a href=\"http:\/\/zuspruch.dieter-becker.de\/wp-content\/uploads\/2020\/04\/20200420_Sprache-und-Heil.mp3\" rel=\"noopener noreferrer\" target=\"_blank\">Mo, 20.04.2020<\/a><\/td><td class=\"column-2\"><a href=\"http:\/\/zuspruch.dieter-becker.de\/?page_id=202\" rel=\"noopener noreferrer\" target=\"_blank\">R\u00f6mer 6, 22 \u00dcbersicht der verschiedenen \u00dcbersetzung einschl. der Eigenen<\/a><\/td><td class=\"column-3\">Dieter Becker<\/td><td class=\"column-4\">Sprache und Heil<\/td>\n<\/tr>\n<tr class=\"row-33\">\n\t<td class=\"column-1\"><a href=\"http:\/\/zuspruch.dieter-becker.de\/wp-content\/uploads\/2020\/04\/20200421_Mutig-und-Stark.mp3\" rel=\"noopener noreferrer\" target=\"_blank\">Di, 21.04.2020<\/a><\/td><td class=\"column-2\">1. Korinther 16. 13<\/td><td class=\"column-3\">Dieter Becker<\/td><td class=\"column-4\">Mutig und Stark<\/td>\n<\/tr>\n<tr class=\"row-34\">\n\t<td class=\"column-1\"><a href=\"http:\/\/zuspruch.dieter-becker.de\/wp-content\/uploads\/2020\/04\/20200422_Kind-Gottes.mp3\" rel=\"noopener noreferrer\" target=\"_blank\">Mi, 22.04.2020<\/a><\/td><td class=\"column-2\">Galater 3, 26<\/td><td class=\"column-3\">Dieter Becker<\/td><td class=\"column-4\">Am Ende, Kind Gottes<\/td>\n<\/tr>\n<tr class=\"row-35\">\n\t<td class=\"column-1\"><a href=\"http:\/\/zuspruch.dieter-becker.de\/wp-content\/uploads\/2020\/04\/20200423_Vertraut-Christus.mp3\" rel=\"noopener noreferrer\" target=\"_blank\">Do, 23.04.2020<\/a><\/td><td class=\"column-2\">Hebr\u00e4er 10, 35<\/td><td class=\"column-3\">Dieter Becker<\/td><td class=\"column-4\">Vertraut Christus<\/td>\n<\/tr>\n<tr class=\"row-36\">\n\t<td class=\"column-1\"><a href=\"http:\/\/zuspruch.dieter-becker.de\/wp-content\/uploads\/2020\/04\/20200424_Bilanz_Gott-ist-treu.mp3\" rel=\"noopener noreferrer\" target=\"_blank\">Fr, 24.04.2020<\/a><\/td><td class=\"column-2\">1. Korinther 1,9<\/td><td class=\"column-3\">Dieter Becker<\/td><td class=\"column-4\">Bilanz: Gott ist treu<\/td>\n<\/tr>\n<tr class=\"row-37\">\n\t<td class=\"column-1\"><a href=\"http:\/\/zuspruch.dieter-becker.de\/wp-content\/uploads\/2020\/04\/20200425_Gehorsam-und-Widerstand.mp3\" rel=\"noopener noreferrer\" target=\"_blank\">Sa, 25.04.2020<\/a><\/td><td class=\"column-2\">5. Mose 30, 9 &amp; Johannes 15, 10-11<\/td><td class=\"column-3\">Dieter Becker<\/td><td class=\"column-4\">Gehorsam und Widerstand<\/td>\n<\/tr>\n<tr class=\"row-38\">\n\t<td class=\"column-1\"><a href=\"http:\/\/zuspruch.dieter-becker.de\/wp-content\/uploads\/2020\/04\/20200426_Wie-gut.mp3\" rel=\"noopener noreferrer\" target=\"_blank\">So, 26.04.2020<\/a><\/td><td class=\"column-2\">Johannes 10, 11a.27-28a<\/td><td class=\"column-3\">Dieter Becker<\/td><td class=\"column-4\">Wie gut<\/td>\n<\/tr>\n<tr class=\"row-39\">\n\t<td class=\"column-1\"><a href=\"http:\/\/zuspruch.dieter-becker.de\/wp-content\/uploads\/2020\/04\/Godi-Andacht_20200426.mp3\" rel=\"noopener noreferrer\" target=\"_blank\">So,26.04.2020<\/a><br \/>\nGottesdienstliche Andacht<\/td><td class=\"column-2\">1. Petrusbrief 2, 21-25<br \/>\nFu\u00dfspuren: Vor-Bild &amp; Nach-Folge<\/td><td class=\"column-3\">Dieter Becker<\/td><td class=\"column-4\">Neues Format: Gottesdienstliche Andacht (18:00)<\/td>\n<\/tr>\n<tr class=\"row-40\">\n\t<td class=\"column-1\"><a href=\"http:\/\/zuspruch.dieter-becker.de\/wp-content\/uploads\/2020\/04\/20200427_Scham-der-Freiheit.mp3\" rel=\"noopener noreferrer\" target=\"_blank\">Mo, 27.04.2020<\/a><\/td><td class=\"column-2\">1. Mose 3, 8<\/td><td class=\"column-3\">Dieter Becker<\/td><td class=\"column-4\">Scham der Freiheit<\/td>\n<\/tr>\n<tr class=\"row-41\">\n\t<td class=\"column-1\"><a href=\"http:\/\/zuspruch.dieter-becker.de\/wp-content\/uploads\/2020\/04\/20200428_HerzSinn-fuer-Gott.mp3\" rel=\"noopener noreferrer\" target=\"_blank\">Di, 28.04.2020<\/a><\/td><td class=\"column-2\">1. Chronik 22,19 + 1. Korinther 9, 24<\/td><td class=\"column-3\">Dieter Becker<\/td><td class=\"column-4\">Herz und Sinn, um f\u00fcr Gott zu laufen?<\/td>\n<\/tr>\n<tr class=\"row-42\">\n\t<td class=\"column-1\"><a href=\"http:\/\/zuspruch.dieter-becker.de\/wp-content\/uploads\/2020\/04\/20200429_Brennendes-Herz.mp3\" rel=\"noopener noreferrer\" target=\"_blank\">Mi, 29.04.2020<\/a><\/td><td class=\"column-2\">R\u00f6mer 12, 11<\/td><td class=\"column-3\">Dieter Becker<\/td><td class=\"column-4\">Brennender Geist<\/td>\n<\/tr>\n<tr class=\"row-43\">\n\t<td class=\"column-1\"><a href=\"http:\/\/zuspruch.dieter-becker.de\/wp-content\/uploads\/2020\/04\/20200430_Distanz-und-Naehe.mp3\" rel=\"noopener noreferrer\" target=\"_blank\">Do, 30.04.2020<\/a><\/td><td class=\"column-2\">Psalm 73, 1<\/td><td class=\"column-3\">Dieter Becker<\/td><td class=\"column-4\">N\u00e4he und Distanz<\/td>\n<\/tr>\n<\/tbody>\n<\/table>\n<!-- #tablepress-2 from cache -->\n","protected":false},"excerpt":{"rendered":"<p>Hier finden Sie die t\u00e4glichen evangelischen Zuspr\u00fcche von M\u00e4rz&amp;April 2020Beginnend vom ersten Zuspruch am 25.03.2020 bis zum 30.04.2020Smartphone: Zur besseren Ansicht der Tabelle bitte waagrecht! Wenn du den Newsletter (= Aktualisierungsdienst) mit dem neusten Evangelischen<\/p>\n","protected":false},"author":1,"featured_media":0,"parent":0,"menu_order":0,"comment_status":"closed","ping_status":"closed","template":"","meta":{"footnotes":""},"_links":{"self":[{"href":"https:\/\/evangelischer-zuspruch.de\/index.php?rest_route=\/wp\/v2\/pages\/342"}],"collection":[{"href":"https:\/\/evangelischer-zuspruch.de\/index.php?rest_route=\/wp\/v2\/pages"}],"about":[{"href":"https:\/\/evangelischer-zuspruch.de\/index.php?rest_route=\/wp\/v2\/types\/page"}],"author":[{"embeddable":true,"href":"https:\/\/evangelischer-zuspruch.de\/index.php?rest_route=\/wp\/v2\/users\/1"}],"replies":[{"embeddable":true,"href":"https:\/\/evangelischer-zuspruch.de\/index.php?rest_route=%2Fwp%2Fv2%2Fcomments&post=342"}],"version-history":[{"count":3,"href":"https:\/\/evangelischer-zuspruch.de\/index.php?rest_route=\/wp\/v2\/pages\/342\/revisions"}],"predecessor-version":[{"id":352,"href":"https:\/\/evangelischer-zuspruch.de\/index.php?rest_route=\/wp\/v2\/pages\/342\/revisions\/352"}],"wp:attachment":[{"href":"https:\/\/evangelischer-zuspruch.de\/index.php?rest_route=%2Fwp%2Fv2%2Fmedia&parent=342"}],"curies":[{"name":"wp","href":"https:\/\/api.w.org\/{rel}","templated":true}]}}