{"id":2827,"date":"2023-01-14T00:02:05","date_gmt":"2023-01-13T23:02:05","guid":{"rendered":"https:\/\/evangelischer-zuspruch.de\/?page_id=2827"},"modified":"2023-01-14T00:02:05","modified_gmt":"2023-01-13T23:02:05","slug":"zusprueche-dezember-2022","status":"publish","type":"page","link":"https:\/\/evangelischer-zuspruch.de\/?page_id=2827","title":{"rendered":"Zuspr\u00fcche: Dezember 2022"},"content":{"rendered":"\n<p>Hier finden Sie die t\u00e4glichen evangelischen Zuspr\u00fcche und der gottesdienstlichen Andachten<br><strong>Beginnend vom 01.12.2022 (Nr. 982) bis zum 31.12.2022 (Nr. 1012)<\/strong><\/p>\n\n\n\n<p><strong>Smartphone: Zur besseren Ansicht der Tabelle bitte waagrecht! <\/strong> <\/p>\n\n\n\n<p> Wenn du den Newsletter (= Aktualisierungsdienst) mit dem neusten Evangelischen Zuspruch erhalten willst, klicke <a href=\"http:\/\/zuspruch.dieter-becker.de\/?page_id=104\"><strong>HIER<\/strong><\/a> und trage dich ein. Abmelden immer m\u00f6glich. <\/p>\n\n\n\n\n<table id=\"tablepress-46\" class=\"tablepress tablepress-id-46\">\n<thead>\n<tr class=\"row-1\">\n\t<th class=\"column-1\"><strong>Datum<br \/>\nZuspruch Anh\u00f6ren<\/strong><\/th><th class=\"column-2\"><strong>Bibeltext<\/strong><\/th><th class=\"column-3\"><strong>Autor<\/strong><\/th><th class=\"column-4\"><strong>Thema<\/strong><\/th>\n<\/tr>\n<\/thead>\n<tbody class=\"row-striping row-hover\">\n<tr class=\"row-2\">\n\t<td class=\"column-1\"><a href=\"https:\/\/evangelischer-zuspruch.de\/wp-content\/uploads\/2022\/11\/20221201_Gott-der-Vaeter.mp3\" rel=\"noopener\" target=\"_blank\">Do, 01.12.2022<\/a><\/td><td class=\"column-2\">1. Mose 35, 3<\/td><td class=\"column-3\">Dieter Becker<\/td><td class=\"column-4\"><a href=\"https:\/\/de.wikipedia.org\/wiki\/El_(Gott)#Sippengott_der_Aram%C3%A4er_und_Hebr%C3%A4er\" rel=\"noopener\" target=\"_blank\">Gott der V\u00e4ter<\/a><br \/>\n<a href=\"https:\/\/de.wikipedia.org\/wiki\/Albrecht_Alt\" rel=\"noopener\" target=\"_blank\">Albrecht Alt<\/a><\/td>\n<\/tr>\n<tr class=\"row-3\">\n\t<td class=\"column-1\"><a href=\"https:\/\/evangelischer-zuspruch.de\/wp-content\/uploads\/2022\/12\/20221202_Geistloescher.mp3\" rel=\"noopener\" target=\"_blank\">Fr, 02.12.2022<\/a><\/td><td class=\"column-2\">1. Thessalonicher 5, 19-21 Nicht 1. Kor. 5!<\/td><td class=\"column-3\">Dieter Becker<\/td><td class=\"column-4\">Geistl\u00f6scher<\/td>\n<\/tr>\n<tr class=\"row-4\">\n\t<td class=\"column-1\"><a href=\"https:\/\/evangelischer-zuspruch.de\/wp-content\/uploads\/2022\/12\/20221203_Gottesbilder-und-Realitaeten.mp3\" rel=\"noopener\" target=\"_blank\">Sa, 03.12.2022<\/a><\/td><td class=\"column-2\">Psalm 102, 20a &amp; Johannes 8, 35<\/td><td class=\"column-3\">Dieter Becker<\/td><td class=\"column-4\">Gottesbilder und Realit\u00e4ten<br \/>\n<a href=\"https:\/\/evangelischer-zuspruch.de\/wp-content\/uploads\/2022\/12\/DB_Kirche-Raumsoziologisch.pdf\" rel=\"noopener\" target=\"_blank\">Kirche-Raumsoziologisch<\/a><\/td>\n<\/tr>\n<tr class=\"row-5\">\n\t<td class=\"column-1\"><a href=\"https:\/\/evangelischer-zuspruch.de\/wp-content\/uploads\/2022\/12\/20221204_2-Advent.mp3\" rel=\"noopener\" target=\"_blank\">So, 04.12.2022<\/a><br \/>\n2. Advent<br \/>\nGottesdienstliche Andacht<\/td><td class=\"column-2\">Psalm 80 (Nicht im EG)<br \/>\nEvangelium: Lukas 21, 25-33<br \/>\nPredigt: Hohelied 2, 8-13(14)<\/td><td class=\"column-3\">Dieter Becker<\/td><td class=\"column-4\">Umgang mit Bibel<br \/>\nLieder EG: 1, 8, 7, 11<\/td>\n<\/tr>\n<tr class=\"row-6\">\n\t<td class=\"column-1\"><a href=\"https:\/\/evangelischer-zuspruch.de\/wp-content\/uploads\/2022\/12\/20221205_Ziel-des-Spieles.mp3\" rel=\"noopener\" target=\"_blank\">Mo, 05.12.2022<\/a><\/td><td class=\"column-2\">Galater 5, 22+23 (Z\u00fcricher)<\/td><td class=\"column-3\">Dieter Becker<\/td><td class=\"column-4\">Ziel des Spieles<br \/>\n<a href=\"https:\/\/evangelischer-zuspruch.de\/wp-content\/uploads\/2022\/12\/Fussballregel-910-AUS.pdf\" rel=\"noopener\" target=\"_blank\">Fu\u00dfballregel 9+10<\/a><br \/>\n<a href=\"https:\/\/evangelischer-zuspruch.de\/wp-content\/uploads\/2022\/12\/Fifa_Japan-2-1_Tor-gegen-Spanien.mp4\" rel=\"noopener\" target=\"_blank\">Video Japan 2:1 Tor (Fifa)<\/a><br \/>\n<\/td>\n<\/tr>\n<tr class=\"row-7\">\n\t<td class=\"column-1\"><a href=\"https:\/\/evangelischer-zuspruch.de\/wp-content\/uploads\/2022\/12\/20221206_Gut-Sein-Wollen.mp3\" rel=\"noopener\" target=\"_blank\">Di, 06.12.2022<\/a><\/td><td class=\"column-2\">2. Petrus 3, 13<\/td><td class=\"column-3\">Dieter Becker<\/td><td class=\"column-4\">Gut Sein Wollen<\/td>\n<\/tr>\n<tr class=\"row-8\">\n\t<td class=\"column-1\"><a href=\"https:\/\/evangelischer-zuspruch.de\/wp-content\/uploads\/2022\/12\/20221207_Statusbericht.mp3\" rel=\"noopener\" target=\"_blank\">Mi, 07.12.2022<\/a><\/td><td class=\"column-2\">Philipper 4, 8 (Z\u00fcricher)<\/td><td class=\"column-3\">Dieter Becker<\/td><td class=\"column-4\">Statusbericht<\/td>\n<\/tr>\n<tr class=\"row-9\">\n\t<td class=\"column-1\"><a href=\"https:\/\/evangelischer-zuspruch.de\/wp-content\/uploads\/2022\/12\/20221208_Nettodenker.mp3\" rel=\"noopener\" target=\"_blank\">Do, 08.12.2022<\/a><\/td><td class=\"column-2\">2. Mose 35, 29<\/td><td class=\"column-3\">Dieter Becker<\/td><td class=\"column-4\">Nettodenker<\/td>\n<\/tr>\n<tr class=\"row-10\">\n\t<td class=\"column-1\"><a href=\"https:\/\/evangelischer-zuspruch.de\/wp-content\/uploads\/2022\/12\/20221209_Idole-der-Selbstaufopferung.mp3\" rel=\"noopener\" target=\"_blank\">Fr, 09.12.2022<\/a><br \/>\n990. Zuspruchtag seit 25.03.2020<\/td><td class=\"column-2\">Jesaja 53, 4<\/td><td class=\"column-3\">Dieter Becker<\/td><td class=\"column-4\">Idole der Selbstaufopferung<\/td>\n<\/tr>\n<tr class=\"row-11\">\n\t<td class=\"column-1\"><a href=\"https:\/\/evangelischer-zuspruch.de\/wp-content\/uploads\/2022\/12\/20221210_Heulen-und-Zaehneklappern.mp3\" rel=\"noopener\" target=\"_blank\">Sa, 10.12.2022<\/a><\/td><td class=\"column-2\">Matth\u00e4us 8, 11 (12!)<br \/>\n<a href=\"https:\/\/www.bibleserver.com\/search\/Ne%C3%9C.LUT.ZB\/Heulen%20und%20Z%C3%A4hneklappern\" rel=\"noopener\" target=\"_blank\">H\u00e4ufigkeiten bei Lk+Mt<\/a><\/td><td class=\"column-3\">Dieter Becker<\/td><td class=\"column-4\"><a href=\"https:\/\/de.wikipedia.org\/wiki\/Heulen_und_Z%C3%A4hneklappern\" rel=\"noopener\" target=\"_blank\">Heulen &amp; Z\u00e4hneklappern<\/a><br \/>\nengl. weeping &amp; gnashing of teeth<\/td>\n<\/tr>\n<tr class=\"row-12\">\n\t<td class=\"column-1\"><a href=\"https:\/\/evangelischer-zuspruch.de\/wp-content\/uploads\/2022\/12\/20221211_3-Advent.mp3\" rel=\"noopener\" target=\"_blank\">So, 11.12.2022<\/a><br \/>\n3. Advent<br \/>\nGottesdienstliche Andacht<\/td><td class=\"column-2\">Psalm 92 (EG 737)<br \/>\nEvangelium: Lukas 1, 67-79<br \/>\nPredigttext: Jesaja 40, 1-11<br \/>\n<\/td><td class=\"column-3\">Dieter Becker<\/td><td class=\"column-4\"><a href=\"https:\/\/www.duden.de\/rechtschreibung\/plattmachen\" rel=\"noopener\" target=\"_blank\">Kirche und das Plattmachen<\/a><br \/>\nLieder 7, 11, 10, 12<\/td>\n<\/tr>\n<tr class=\"row-13\">\n\t<td class=\"column-1\"><a href=\"https:\/\/evangelischer-zuspruch.de\/wp-content\/uploads\/2022\/12\/20221212_Finsternis-Licht.mp3\" rel=\"noopener\" target=\"_blank\">Mo, 12.12.2022<\/a><\/td><td class=\"column-2\">Epheser 5, 8a (<a href=\"https:\/\/www.bibleserver.com\/Ne%C3%9C.LUT.ZB\/Epheser5%2C1-20\" rel=\"noopener\" target=\"_blank\">5, 1-20<\/a>)<\/td><td class=\"column-3\">Dieter Becker<\/td><td class=\"column-4\">Finsternis - Licht<\/td>\n<\/tr>\n<tr class=\"row-14\">\n\t<td class=\"column-1\"><a href=\"https:\/\/evangelischer-zuspruch.de\/wp-content\/uploads\/2022\/12\/20221213_Gott-versuchen-oder-spotten.mp3\" rel=\"noopener\" target=\"_blank\">Di, 13.12.2022<\/a><\/td><td class=\"column-2\">5. Mose 6, 16a<br \/>\nGalater 6, 7<\/td><td class=\"column-3\">Dieter Becker<\/td><td class=\"column-4\">Gott versuchen oder spotten<\/td>\n<\/tr>\n<tr class=\"row-15\">\n\t<td class=\"column-1\"><a href=\"https:\/\/evangelischer-zuspruch.de\/wp-content\/uploads\/2022\/12\/20221214_Billionen.mp3\" rel=\"noopener\" target=\"_blank\">Mi, 14.12.2022<\/a><\/td><td class=\"column-2\">Offenbarung 7, 9<\/td><td class=\"column-3\">Dieter Becker<\/td><td class=\"column-4\">Billionen<br \/>\n<a href=\"https:\/\/de.wikipedia.org\/wiki\/Eine_Billion_Dollar\" rel=\"noopener\" target=\"_blank\">A. Eschbach: 1 Bio. $<\/a><\/td>\n<\/tr>\n<tr class=\"row-16\">\n\t<td class=\"column-1\"><a href=\"https:\/\/evangelischer-zuspruch.de\/wp-content\/uploads\/2022\/12\/20221215_Prozessqualitaet.mp3\" rel=\"noopener\" target=\"_blank\">Do, 15.12.2022<\/a><\/td><td class=\"column-2\">R\u00f6mer 12, 4+5<\/td><td class=\"column-3\">Dieter Becker<\/td><td class=\"column-4\">Prozessqualit\u00e4t <br \/>\n(<a href=\"https:\/\/evangelischer-zuspruch.de\/wp-content\/uploads\/2022\/12\/QM-Entwicklung.pdf\" rel=\"noopener\" target=\"_blank\">Schaubild Qualit\u00e4t - Entwicklungslinien<\/a>)<\/td>\n<\/tr>\n<tr class=\"row-17\">\n\t<td class=\"column-1\"><a href=\"https:\/\/evangelischer-zuspruch.de\/wp-content\/uploads\/2022\/12\/20221216_GENERVT.mp3\" rel=\"noopener\" target=\"_blank\">Fr, 16.12.2022<\/a><br \/>\n<\/td><td class=\"column-2\"><a href=\"https:\/\/www.uni-passau.de\/visitgod\/informative-beitraege-zum-thema\/die-areopagrede\/\">Apostelgeschichte 17<\/a>, 28<\/td><td class=\"column-3\">Dieter Becker<\/td><td class=\"column-4\">GENERVT<\/td>\n<\/tr>\n<tr class=\"row-18\">\n\t<td class=\"column-1\"><a href=\"https:\/\/evangelischer-zuspruch.de\/wp-content\/uploads\/2022\/12\/20221217_Psalter-Kantilene.mp3\" rel=\"noopener\" target=\"_blank\">Sa, 17.12.2022<\/a><\/td><td class=\"column-2\">Psalm 66, 8+9<\/td><td class=\"column-3\">Dieter Becker<\/td><td class=\"column-4\"><a href=\"https:\/\/de.wikipedia.org\/wiki\/Buch_der_Psalmen\" rel=\"noopener\" target=\"_blank\">Psalter<\/a>-<a href=\"https:\/\/de.wikipedia.org\/wiki\/Kantilene\">Kantilene<\/a><br \/>\n<a href=\"https:\/\/de.wikipedia.org\/wiki\/Psalmvertonung\" rel=\"noopener\" target=\"_blank\">Psalmenvertonung-\u00dcbersicht<\/a><\/td>\n<\/tr>\n<tr class=\"row-19\">\n\t<td class=\"column-1\"><a href=\"https:\/\/evangelischer-zuspruch.de\/wp-content\/uploads\/2022\/12\/20221218_4-Advent.mp3\" rel=\"noopener\" target=\"_blank\">So, 18.12.2022<\/a><br \/>\n4. Advent<br \/>\nGottesdienstliche Andacht<\/td><td class=\"column-2\">Magnifikat: Lukas 1, 46b-55<br \/>\nEvangelium: Lukas 1, 26-38<br \/>\nPredigt: Philipper 4, 4-7<\/td><td class=\"column-3\">Dieter Becker<\/td><td class=\"column-4\">Ausnahme der Regel<br \/>\nLieder 8, 9, 7, 6<\/td>\n<\/tr>\n<tr class=\"row-20\">\n\t<td class=\"column-1\"><a href=\"https:\/\/evangelischer-zuspruch.de\/wp-content\/uploads\/2022\/12\/20221219_Transsubstanz-1000.Tag_.mp3\" rel=\"noopener\" target=\"_blank\">Mo, 19.12.2022<\/a><br \/>\n1000. Zuspruchtag seit 25.03.2020<\/td><td class=\"column-2\">2. Korinther 5, 17<\/td><td class=\"column-3\">Dieter Becker<\/td><td class=\"column-4\">Transsubstanz<\/td>\n<\/tr>\n<tr class=\"row-21\">\n\t<td class=\"column-1\"><a href=\"https:\/\/evangelischer-zuspruch.de\/wp-content\/uploads\/2022\/12\/20221219_1000-Tage-Jubilaeumszuspruch.mp3\" rel=\"noopener\" target=\"_blank\"><strong>Mo, 19.12.2022-Jubil\u00e4ums-Zuspruch (23:36 Min)<\/strong><\/a><br \/>\n1000. Tag ab 25.03.2020<\/td><td class=\"column-2\">Danke an alle, die h\u00f6ren, helfen und ermutigen<\/td><td class=\"column-3\">Dieter Becker<\/td><td class=\"column-4\"><strong>Weitere Jubil\u00e4umsspr\u00fcche<\/strong><br \/>\n<a href=\"https:\/\/evangelischer-zuspruch.de\/wp-content\/uploads\/2020\/05\/20200525_60-Sprueche.mp3\" rel=\"noopener\" target=\"_blank\">60 Tage<\/a> \/<a href=\"https:\/\/evangelischer-zuspruch.de\/wp-content\/uploads\/2021\/03\/20210325_Jubil\u00e4um-365-Tage-ausgew\u00e4hlte-Zuspr\u00fcche.mp3\" rel=\"noopener\" target=\"_blank\"> 1 Jahr<\/a> \/ <a href=\"https:\/\/evangelischer-zuspruch.de\/wp-content\/uploads\/2022\/03\/20220325_Jubilaeum-2-Jahre.mp3\" rel=\"noopener\" target=\"_blank\">2 Jahre<\/a><\/td>\n<\/tr>\n<tr class=\"row-22\">\n\t<td class=\"column-1\"><a href=\"https:\/\/evangelischer-zuspruch.de\/wp-content\/uploads\/2022\/12\/20221220_Das-Bier-der-Wissenschaft.mp3\" rel=\"noopener\" target=\"_blank\">Di, 20.12.2022<\/a><\/td><td class=\"column-2\">Lukas 18, 8<br \/>\nzur <a href=\"https:\/\/de.wikipedia.org\/wiki\/Wissenschaftstheorie_der_Theologie\" rel=\"noopener\" target=\"_blank\">Wissenschaftstheorie der Theologie<\/a><\/td><td class=\"column-3\">Dieter Becker<\/td><td class=\"column-4\">Das Bier der Wissenschaft<br \/>\n<a href=\"https:\/\/evangelischer-zuspruch.de\/wp-content\/uploads\/2022\/12\/20221220-Vince-Ebert.mp4\" rel=\"noopener\" target=\"_blank\">Video Vince Ebert<\/a><\/td>\n<\/tr>\n<tr class=\"row-23\">\n\t<td class=\"column-1\"><a href=\"https:\/\/evangelischer-zuspruch.de\/wp-content\/uploads\/2022\/12\/20221221_Die-Geschichte-des-Lukas.mp3\" rel=\"noopener\" target=\"_blank\">Mi, 21.12.2022<\/a><\/td><td class=\"column-2\">Lukas 1, 13<\/td><td class=\"column-3\">Dieter Becker<\/td><td class=\"column-4\">Die Geschichte des <a href=\"https:\/\/de.wikipedia.org\/wiki\/Evangelium_nach_Lukas\" rel=\"noopener\" target=\"_blank\">Lukas<\/a><\/td>\n<\/tr>\n<tr class=\"row-24\">\n\t<td class=\"column-1\"><a href=\"https:\/\/evangelischer-zuspruch.de\/wp-content\/uploads\/2022\/12\/20221222_Akt-der-Menschwerdung.mp3\" rel=\"noopener\" target=\"_blank\">Do, 22.12.2022<\/a><\/td><td class=\"column-2\">Lukas 1, 40<\/td><td class=\"column-3\">Dieter Becker<\/td><td class=\"column-4\">Akt der Menschwerdung<br \/>\n<a href=\"https:\/\/de.wikipedia.org\/wiki\/Couvade-Syndrom\" rel=\"noopener\" target=\"_blank\">Couvade Syndrom<\/a><\/td>\n<\/tr>\n<tr class=\"row-25\">\n\t<td class=\"column-1\"><a href=\"https:\/\/evangelischer-zuspruch.de\/wp-content\/uploads\/2022\/12\/20221223_Geheimnis-des-Glaubens.mp3\" rel=\"noopener\" target=\"_blank\">Fr, 23.12.2022<\/a><br \/>\n<\/td><td class=\"column-2\"><a href=\"https:\/\/www.bibleserver.com\/Ne%C3%9C.LUT.ZB\/1.Timotheus3\" rel=\"noopener\" target=\"_blank\">1. Timotheus 3<\/a>, 16<\/td><td class=\"column-3\">Dieter Becker<\/td><td class=\"column-4\">Geheimnis des Glaubens<\/td>\n<\/tr>\n<tr class=\"row-26\">\n\t<td class=\"column-1\"><a href=\"https:\/\/evangelischer-zuspruch.de\/wp-content\/uploads\/2022\/12\/20221224_Seines-Wohlgefallens.mp3\" rel=\"noopener\" target=\"_blank\">Sa, 24.12.2022<\/a><br \/>\nMorgen am Heiligabend<\/td><td class=\"column-2\">Lukas 2, 14<\/td><td class=\"column-3\">Dieter Becker<\/td><td class=\"column-4\">Seines Wohlgefallens<\/td>\n<\/tr>\n<tr class=\"row-27\">\n\t<td class=\"column-1\"><a href=\"https:\/\/evangelischer-zuspruch.de\/wp-content\/uploads\/2022\/12\/20221224_Heilig-Abend.mp3\" rel=\"noopener\" target=\"_blank\">Sa, 24.12.2022<\/a><br \/>\nHeiligabend<\/td><td class=\"column-2\">Psalm 96 (EG 738)<br \/>\nEvangelium &amp; Predigttext: Lukas 2, 1-20 <br \/>\n<\/td><td class=\"column-3\">Dieter Becker<\/td><td class=\"column-4\">Unbeschwert - All inklusive?! Lieder: 27, 30, 24, 37, 44<\/td>\n<\/tr>\n<tr class=\"row-28\">\n\t<td class=\"column-1\"><a href=\"https:\/\/evangelischer-zuspruch.de\/wp-content\/uploads\/2022\/12\/20221225_Weihnachten.mp3\" rel=\"noopener\" target=\"_blank\">So, 25.12.2022<\/a><br \/>\nWeihnachten<br \/>\nGottesdienstliche Andacht<\/td><td class=\"column-2\">Psalm 96 (EG 738)<br \/>\nEvangelium: Johannes 1, 1-5.9-14<br \/>\nPredigt: Kolosser 2, 3-10<\/td><td class=\"column-3\">Dieter Becker<\/td><td class=\"column-4\">Sch\u00e4tzeverm\u00f6gen bewerten<br \/>\nLieder27, 36, 45, 35<\/td>\n<\/tr>\n<tr class=\"row-29\">\n\t<td class=\"column-1\"><a href=\"https:\/\/evangelischer-zuspruch.de\/wp-content\/uploads\/2022\/12\/20221226_Broeckelnde-Verfestigung.mp3\" rel=\"noopener\" target=\"_blank\">Mo, 26.12.2022<\/a><br \/>\n2. Weihnachtsfeiertag<\/td><td class=\"column-2\">1. K\u00f6nige 8, 66<\/td><td class=\"column-3\">Dieter Becker<\/td><td class=\"column-4\">Br\u00f6ckelnde Verfestigung<br \/>\n<a href=\"https:\/\/evangelischer-zuspruch.de\/wp-content\/uploads\/2020\/05\/20200510_Kantate.mp3\" rel=\"noopener\" target=\"_blank\">Link 20.05.2020: Ab 6. Minute zur Tempelparty<\/a><\/td>\n<\/tr>\n<tr class=\"row-30\">\n\t<td class=\"column-1\"><a href=\"https:\/\/evangelischer-zuspruch.de\/wp-content\/uploads\/2022\/12\/20221227_Des-Mannes-Haupthaar.mp3\" rel=\"noopener\" target=\"_blank\">Di, 27.12.2022<\/a><\/td><td class=\"column-2\">Jeremia 31, 28<\/td><td class=\"column-3\">Dieter Becker<\/td><td class=\"column-4\">Des Mannes Haupthaar<\/td>\n<\/tr>\n<tr class=\"row-31\">\n\t<td class=\"column-1\"><a href=\"https:\/\/evangelischer-zuspruch.de\/wp-content\/uploads\/2022\/12\/20221228_Freimut.mp3\" rel=\"noopener\" target=\"_blank\">Mi, 28.12.2022<\/a><\/td><td class=\"column-2\">2. Korinther 3, 12<\/td><td class=\"column-3\">Dieter Becker<\/td><td class=\"column-4\">Freimut<\/td>\n<\/tr>\n<tr class=\"row-32\">\n\t<td class=\"column-1\"><a href=\"https:\/\/evangelischer-zuspruch.de\/wp-content\/uploads\/2022\/12\/20221229_Esels-Erkenntnis.mp3\" rel=\"noopener\" target=\"_blank\">Do, 29.12.2022<\/a><br \/>\n1010. Zuspruchtag seit 25.03.2020<\/td><td class=\"column-2\">4. Mose 23, 19b<br \/>\n<a href=\"https:\/\/de.wikipedia.org\/wiki\/Bileam\" rel=\"noopener\" target=\"_blank\">Bileam<\/a>s Sage (<a href=\"https:\/\/www.bibleserver.com\/Ne%C3%9C.LUT.ZB\/4.Mose22\" rel=\"noopener\" target=\"_blank\">4. Mose 22-24<\/a>)<\/td><td class=\"column-3\">Dieter Becker<\/td><td class=\"column-4\">Esels Erkenntnis<\/td>\n<\/tr>\n<tr class=\"row-33\">\n\t<td class=\"column-1\"><a href=\"https:\/\/evangelischer-zuspruch.de\/wp-content\/uploads\/2022\/12\/20221230_Bibelforschen-Sonntagsruhe.mp3\" rel=\"noopener\" target=\"_blank\">Fr, 30.12.2022<\/a><br \/>\n<\/td><td class=\"column-2\">Markus 2, 27b<\/td><td class=\"column-3\">Dieter Becker<\/td><td class=\"column-4\">Bibelforschen-Sonntagsruhe<br \/>\nNestle-Aland (<a href=\"https:\/\/www.youtube.com\/watch?v=xjKcKHF-_io\" rel=\"noopener\" target=\"_blank\">Video von 1977<\/a>) <\/td>\n<\/tr>\n<tr class=\"row-34\">\n\t<td class=\"column-1\"><a href=\"https:\/\/evangelischer-zuspruch.de\/wp-content\/uploads\/2022\/12\/20221231_Smart-Home.mp3\" rel=\"noopener\" target=\"_blank\">Sa, 31.12.2022<\/a><br \/>\nSilvester<\/td><td class=\"column-2\">Sacharja 9.8 (+9!; = <a href=\"https:\/\/www.youtube.com\/watch?v=y9o2M7jHnlE\" rel=\"noopener\" target=\"_blank\">EG 13,1<\/a>)<\/td><td class=\"column-3\">Dieter Becker<\/td><td class=\"column-4\"><a href=\"https:\/\/de.wikipedia.org\/wiki\/Smart_Home\" rel=\"noopener\" target=\"_blank\">Smart Home<\/a><br \/>\n\"Die Wacht am Zion\"<br \/>\n<\/td>\n<\/tr>\n<\/tbody>\n<\/table>\n<!-- #tablepress-46 from cache -->\n\n\n<p><!--EndFragment--><\/p>","protected":false},"excerpt":{"rendered":"<p>Hier finden Sie die t\u00e4glichen evangelischen Zuspr\u00fcche und der gottesdienstlichen AndachtenBeginnend vom 01.12.2022 (Nr. 982) bis zum 31.12.2022 (Nr. 1012) Smartphone: Zur besseren Ansicht der Tabelle bitte waagrecht! Wenn du den Newsletter (= Aktualisierungsdienst) mit<\/p>\n","protected":false},"author":1,"featured_media":0,"parent":0,"menu_order":0,"comment_status":"closed","ping_status":"closed","template":"","meta":{"footnotes":""},"_links":{"self":[{"href":"https:\/\/evangelischer-zuspruch.de\/index.php?rest_route=\/wp\/v2\/pages\/2827"}],"collection":[{"href":"https:\/\/evangelischer-zuspruch.de\/index.php?rest_route=\/wp\/v2\/pages"}],"about":[{"href":"https:\/\/evangelischer-zuspruch.de\/index.php?rest_route=\/wp\/v2\/types\/page"}],"author":[{"embeddable":true,"href":"https:\/\/evangelischer-zuspruch.de\/index.php?rest_route=\/wp\/v2\/users\/1"}],"replies":[{"embeddable":true,"href":"https:\/\/evangelischer-zuspruch.de\/index.php?rest_route=%2Fwp%2Fv2%2Fcomments&post=2827"}],"version-history":[{"count":1,"href":"https:\/\/evangelischer-zuspruch.de\/index.php?rest_route=\/wp\/v2\/pages\/2827\/revisions"}],"predecessor-version":[{"id":2828,"href":"https:\/\/evangelischer-zuspruch.de\/index.php?rest_route=\/wp\/v2\/pages\/2827\/revisions\/2828"}],"wp:attachment":[{"href":"https:\/\/evangelischer-zuspruch.de\/index.php?rest_route=%2Fwp%2Fv2%2Fmedia&parent=2827"}],"curies":[{"name":"wp","href":"https:\/\/api.w.org\/{rel}","templated":true}]}}