{"id":202,"date":"2020-04-19T16:11:08","date_gmt":"2020-04-19T14:11:08","guid":{"rendered":"http:\/\/zuspruch.dieter-becker.de\/?page_id=202"},"modified":"2020-04-19T16:22:35","modified_gmt":"2020-04-19T14:22:35","slug":"roemer-6-22-uebersetzungen-zuspruch-20-04-2020","status":"publish","type":"page","link":"https:\/\/evangelischer-zuspruch.de\/?page_id=202","title":{"rendered":"R\u00f6mer 6, 22 &#8211; \u00dcbersetzungen (Zuspruch 20.04.2020)"},"content":{"rendered":"\n<figure class=\"wp-block-image size-large\"><img decoding=\"async\" src=\"http:\/\/zuspruch.dieter-becker.de\/wp-content\/uploads\/2020\/04\/Roemer6.22-1.png\" alt=\"\"\/><figcaption> * Neue Evangelistische \u00dcbersetzung (Mittlerweile meine &#8222;Lieblings\u00fcbersetzung&#8220;).<br> Die Texte der ver\u00f6ffentlichten Bibel\u00fcbersetzungen sind der Internetseite <a href=\"http:\/\/www.bibleserver.com\/\">www.bibleserver.com<\/a>  entnommen. <br>Die Seite wird erstellt und betrieben vom  Evangeliumsrundfunk (ERF Medien e.V., Wetzlar). Wie man auch immer zu  der evangelikalen Ausrichtung des ERF stehen will: die Seite ist super  und verdient Unterst\u00fctzung.   <\/figcaption><\/figure>\n","protected":false},"excerpt":{"rendered":"","protected":false},"author":1,"featured_media":0,"parent":0,"menu_order":0,"comment_status":"closed","ping_status":"closed","template":"","meta":{"footnotes":""},"_links":{"self":[{"href":"https:\/\/evangelischer-zuspruch.de\/index.php?rest_route=\/wp\/v2\/pages\/202"}],"collection":[{"href":"https:\/\/evangelischer-zuspruch.de\/index.php?rest_route=\/wp\/v2\/pages"}],"about":[{"href":"https:\/\/evangelischer-zuspruch.de\/index.php?rest_route=\/wp\/v2\/types\/page"}],"author":[{"embeddable":true,"href":"https:\/\/evangelischer-zuspruch.de\/index.php?rest_route=\/wp\/v2\/users\/1"}],"replies":[{"embeddable":true,"href":"https:\/\/evangelischer-zuspruch.de\/index.php?rest_route=%2Fwp%2Fv2%2Fcomments&post=202"}],"version-history":[{"count":7,"href":"https:\/\/evangelischer-zuspruch.de\/index.php?rest_route=\/wp\/v2\/pages\/202\/revisions"}],"predecessor-version":[{"id":212,"href":"https:\/\/evangelischer-zuspruch.de\/index.php?rest_route=\/wp\/v2\/pages\/202\/revisions\/212"}],"wp:attachment":[{"href":"https:\/\/evangelischer-zuspruch.de\/index.php?rest_route=%2Fwp%2Fv2%2Fmedia&parent=202"}],"curies":[{"name":"wp","href":"https:\/\/api.w.org\/{rel}","templated":true}]}}