{"id":1150,"date":"2021-04-01T03:36:11","date_gmt":"2021-04-01T01:36:11","guid":{"rendered":"https:\/\/evangelischer-zuspruch.de\/?page_id=1150"},"modified":"2021-04-01T03:36:11","modified_gmt":"2021-04-01T01:36:11","slug":"zusprueche-maerz-2021","status":"publish","type":"page","link":"https:\/\/evangelischer-zuspruch.de\/?page_id=1150","title":{"rendered":"Zuspr\u00fcche: M\u00e4rz 2021"},"content":{"rendered":"\n<p>Hier finden Sie die t\u00e4glichen evangelischen Zuspr\u00fcche und der gottesdienstlichen Andachten<br><strong>Beginnend vom 01.03.2021 (Nr. 342) bis zum 31.03.2021 (Nr. 372)<\/strong><\/p>\n\n\n\n<p><strong>Jahreszuspruch am 25.03.2021 &#8211; 365 Tage nonstop Evangelische Zuspr\u00fcche<\/strong><br><\/p>\n\n\n\n<p><strong>Smartphone: Zur besseren Ansicht der Tabelle bitte waagrecht! <\/strong> <\/p>\n\n\n\n<p> Wenn du den Newsletter (= Aktualisierungsdienst) mit dem neusten Evangelischen Zuspruch erhalten willst, klicke <a href=\"http:\/\/zuspruch.dieter-becker.de\/?page_id=104\"><strong>HIER<\/strong><\/a> und trage dich ein. Abmelden immer m\u00f6glich. <\/p>\n\n\n\n\n<table id=\"tablepress-20\" class=\"tablepress tablepress-id-20\">\n<thead>\n<tr class=\"row-1\">\n\t<th class=\"column-1\"><strong>Datum<br \/>\nZuspruch Anh\u00f6ren<\/strong><\/th><th class=\"column-2\"><strong>Bibeltext<\/strong><\/th><th class=\"column-3\"><strong>Autor<\/strong><\/th><th class=\"column-4\"><strong>Thema<\/strong><\/th>\n<\/tr>\n<\/thead>\n<tbody class=\"row-striping row-hover\">\n<tr class=\"row-2\">\n\t<td class=\"column-1\"><a href=\"https:\/\/evangelischer-zuspruch.de\/wp-content\/uploads\/2021\/02\/20210301_Altruismus.mp3\" rel=\"noopener noreferrer\" target=\"_blank\">Mo, 01.03.2021<\/a><br \/>\n<a href=\"https:\/\/evangelischer-zuspruch.de\/wp-content\/uploads\/2021\/03\/20210301_Altruismus2.mp3\" rel=\"noopener noreferrer\" target=\"_blank\">Mo, 01.03.2021 - Ohne Wander- und Japsger\u00e4usche \ud83d\ude09<\/a><\/td><td class=\"column-2\">Philipper 2, 4<\/td><td class=\"column-3\">Dieter Becker<br \/>\nZweite Tondatei nachtr\u00e4glich eingesprochen, zur besseren H\u00f6rbarkeit \ud83d\ude09<\/td><td class=\"column-4\">Altruismus (Selbstlosigkeit)<br \/>\n<\/td>\n<\/tr>\n<tr class=\"row-3\">\n\t<td class=\"column-1\"><a href=\"https:\/\/evangelischer-zuspruch.de\/wp-content\/uploads\/2021\/03\/20210302_Rechtsfortbildung.mp3\" rel=\"noopener noreferrer\" target=\"_blank\">Di, 02.03.2021<\/a><\/td><td class=\"column-2\">Ps. 119, 66 &amp; Jakobus 3, 13<\/td><td class=\"column-3\">Dieter Becker<\/td><td class=\"column-4\">Rechtsfortbildung<\/td>\n<\/tr>\n<tr class=\"row-4\">\n\t<td class=\"column-1\"><a href=\"https:\/\/evangelischer-zuspruch.de\/wp-content\/uploads\/2021\/03\/20210303_Gemeinschaft.mp3\" rel=\"noopener noreferrer\" target=\"_blank\">Mi, 03.03.2021<\/a><\/td><td class=\"column-2\">1. Mose 2, 18<\/td><td class=\"column-3\">Dieter Becker<\/td><td class=\"column-4\">Gemeinschaft<\/td>\n<\/tr>\n<tr class=\"row-5\">\n\t<td class=\"column-1\"><a href=\"https:\/\/evangelischer-zuspruch.de\/wp-content\/uploads\/2021\/03\/20210304_F\u00fclle-in-Christus.mp3\" rel=\"noopener noreferrer\" target=\"_blank\">Do, 04.03.2021<\/a><\/td><td class=\"column-2\">Kolosser 1, 19+20<\/td><td class=\"column-3\">Dieter Becker<\/td><td class=\"column-4\">F\u00fclle in Christus<\/td>\n<\/tr>\n<tr class=\"row-6\">\n\t<td class=\"column-1\"><a href=\"https:\/\/evangelischer-zuspruch.de\/wp-content\/uploads\/2021\/03\/20210305_Banalit\u00e4ten.mp3\" rel=\"noopener noreferrer\" target=\"_blank\">Fr, 05.03.2021<\/a><\/td><td class=\"column-2\">Philipper 4, 6<\/td><td class=\"column-3\">Dieter Becker<\/td><td class=\"column-4\">Banalit\u00e4ten<\/td>\n<\/tr>\n<tr class=\"row-7\">\n\t<td class=\"column-1\"><a href=\"https:\/\/evangelischer-zuspruch.de\/wp-content\/uploads\/2021\/03\/20210306_Verf\u00fcgungsgewalt.mp3\" rel=\"noopener noreferrer\" target=\"_blank\">Sa, 06.03.2021<\/a><\/td><td class=\"column-2\">Lukas 11, 2<br \/>\nDein Reich komme.<\/td><td class=\"column-3\">Dieter Becker<\/td><td class=\"column-4\">Verf\u00fcgungsgewalt<\/td>\n<\/tr>\n<tr class=\"row-8\">\n\t<td class=\"column-1\"><a href=\"https:\/\/evangelischer-zuspruch.de\/wp-content\/uploads\/2021\/03\/20210307_Okuli.mp3\" rel=\"noopener noreferrer\" target=\"_blank\">So, 07.03.2021<\/a><br \/>\nGottesdienstliche Andacht<\/td><td class=\"column-2\">Psalm 34<br \/>\nEvangelium Lukas 9, 57-62<br \/>\nPredigt: Epheser 5, 1+2.8+9<\/td><td class=\"column-3\">Dieter Becker<\/td><td class=\"column-4\"><a href=\"https:\/\/de.wikipedia.org\/wiki\/Papyrus_46\" rel=\"noopener noreferrer\" target=\"_blank\">Papyrus 46<\/a> oder die Suche nach Nachfolge<br \/>\nLieder: 440, 391, 390, 346<\/td>\n<\/tr>\n<tr class=\"row-9\">\n\t<td class=\"column-1\"><a href=\"https:\/\/evangelischer-zuspruch.de\/wp-content\/uploads\/2021\/03\/20210308_Gotteseifer.mp3\" rel=\"noopener noreferrer\" target=\"_blank\">Mo, 08.03.2021<\/a><\/td><td class=\"column-2\">2. Chronik 14, 10 d<\/td><td class=\"column-3\">Dieter Becker<\/td><td class=\"column-4\">Gotteseifer<\/td>\n<\/tr>\n<tr class=\"row-10\">\n\t<td class=\"column-1\"><a href=\"https:\/\/evangelischer-zuspruch.de\/wp-content\/uploads\/2021\/03\/20210309_aufrecht-klar-wahr.mp3\" rel=\"noopener noreferrer\" target=\"_blank\">Di, 09.03.2021<\/a><br \/>\n350. Zuspruch<\/td><td class=\"column-2\">1. Thessalonicher 5,5,<\/td><td class=\"column-3\">Dieter Becker<\/td><td class=\"column-4\">Aufrecht, klar, wahr<\/td>\n<\/tr>\n<tr class=\"row-11\">\n\t<td class=\"column-1\"><a href=\"https:\/\/evangelischer-zuspruch.de\/wp-content\/uploads\/2021\/03\/20210310_Herztransplantation.mp3\" rel=\"noopener noreferrer\" target=\"_blank\">Mi, 10.03.2021<\/a><\/td><td class=\"column-2\">1. Johannes 4, 10<\/td><td class=\"column-3\">Dieter Becker<\/td><td class=\"column-4\">Herztransplantation<\/td>\n<\/tr>\n<tr class=\"row-12\">\n\t<td class=\"column-1\"><a href=\"https:\/\/evangelischer-zuspruch.de\/wp-content\/uploads\/2021\/03\/20210311_Symbiose.mp3\" rel=\"noopener noreferrer\" target=\"_blank\">Do, 11.03.2021<\/a><\/td><td class=\"column-2\">R\u00f6mer 12, 13<\/td><td class=\"column-3\">Dieter Becker<\/td><td class=\"column-4\">Symbiose<\/td>\n<\/tr>\n<tr class=\"row-13\">\n\t<td class=\"column-1\"><a href=\"https:\/\/evangelischer-zuspruch.de\/wp-content\/uploads\/2021\/03\/20210312_Datenvolumen.mp3\" rel=\"noopener noreferrer\" target=\"_blank\">Fr, 12.03.2021<\/a><\/td><td class=\"column-2\">R\u00f6mer 14, 8<\/td><td class=\"column-3\">Dieter Becker<\/td><td class=\"column-4\">Datenvolumen<\/td>\n<\/tr>\n<tr class=\"row-14\">\n\t<td class=\"column-1\"><a href=\"https:\/\/evangelischer-zuspruch.de\/wp-content\/uploads\/2021\/03\/20210313_Falschspieler.mp3\" rel=\"noopener noreferrer\" target=\"_blank\">Sa, 13.03.2021<\/a><\/td><td class=\"column-2\">Spr\u00fcche 16, 33<\/td><td class=\"column-3\">Dieter Becker<\/td><td class=\"column-4\">Falschspieler<\/td>\n<\/tr>\n<tr class=\"row-15\">\n\t<td class=\"column-1\"><a href=\"https:\/\/evangelischer-zuspruch.de\/wp-content\/uploads\/2021\/03\/20210314_Laetare.mp3\" rel=\"noopener noreferrer\" target=\"_blank\">So, 14.03.2021<\/a><\/td><td class=\"column-2\">Psalm 84 (EG 734)<br \/>\nEvangelium &amp; Predigttext: Johannes 12, 20-24<\/td><td class=\"column-3\">Dieter Becker<\/td><td class=\"column-4\">Attraktion und Evangelium<br \/>\nLieder 193, 98, 396, 171<\/td>\n<\/tr>\n<tr class=\"row-16\">\n\t<td class=\"column-1\"><a href=\"https:\/\/evangelischer-zuspruch.de\/wp-content\/uploads\/2021\/03\/20210315_Importanz.mp3\" rel=\"noopener noreferrer\" target=\"_blank\">Mo, 15.03.2021<\/a><\/td><td class=\"column-2\">Apostegeschichte 4, 20<\/td><td class=\"column-3\">Dieter Becker<\/td><td class=\"column-4\">Importanz<\/td>\n<\/tr>\n<tr class=\"row-17\">\n\t<td class=\"column-1\"><a href=\"https:\/\/evangelischer-zuspruch.de\/wp-content\/uploads\/2021\/03\/20210316_Philippus-Naivit\u00e4t.mp3\" rel=\"noopener noreferrer\" target=\"_blank\">Di, 16.03.2021<\/a><\/td><td class=\"column-2\">Johannes 14, 8+9<\/td><td class=\"column-3\">Dieter Becker<\/td><td class=\"column-4\">Philippus Naivit\u00e4t<\/td>\n<\/tr>\n<tr class=\"row-18\">\n\t<td class=\"column-1\"><a href=\"https:\/\/evangelischer-zuspruch.de\/wp-content\/uploads\/2021\/03\/20210317_Mistst\u00fcck.mp3\" rel=\"noopener noreferrer\" target=\"_blank\">Mi, 17.03.2021<\/a><\/td><td class=\"column-2\">1. Mose 16, 13b<\/td><td class=\"column-3\">Dieter Becker<\/td><td class=\"column-4\">Mistst\u00fcck<\/td>\n<\/tr>\n<tr class=\"row-19\">\n\t<td class=\"column-1\"><a href=\"https:\/\/evangelischer-zuspruch.de\/wp-content\/uploads\/2021\/03\/20210318_Herrlichkeit.mp3\" rel=\"noopener noreferrer\" target=\"_blank\">Do, 18.03.2021<\/a><\/td><td class=\"column-2\">Spr\u00fcche 16, 9<br \/>\n2. Korinther 3, 5<\/td><td class=\"column-3\">Dieter Becker<\/td><td class=\"column-4\">Herrlichkeit<br \/>\n<a href=\"http:\/\/evfa-raunheim.de\/godi\/20210314_Laetare.mp4\" rel=\"noopener noreferrer\" target=\"_blank\">Gottesdienst vom Sonntag<\/a><br \/>\nPredigt ab 14. Minute<br \/>\n<a href=\"https:\/\/evangelischer-zuspruch.de\/wp-content\/uploads\/2021\/03\/Dieter-Becker-Auditsysteme-in-der-Reformation.pdf\" rel=\"noopener noreferrer\" target=\"_blank\">Link-Visitation<\/a><\/td>\n<\/tr>\n<tr class=\"row-20\">\n\t<td class=\"column-1\"><a href=\"https:\/\/evangelischer-zuspruch.de\/wp-content\/uploads\/2021\/03\/20210319_Gr\u00fcndung.mp3\" rel=\"noopener noreferrer\" target=\"_blank\">Fr, 19.03.2021<\/a><br \/>\n360. Zuspruchtag<\/td><td class=\"column-2\">Matth\u00e4us 7, 24<\/td><td class=\"column-3\">Dieter Becker<\/td><td class=\"column-4\">Gr\u00fcndung<\/td>\n<\/tr>\n<tr class=\"row-21\">\n\t<td class=\"column-1\"><a href=\"https:\/\/evangelischer-zuspruch.de\/wp-content\/uploads\/2021\/03\/20210320_Heldenmut.mp3\" rel=\"noopener noreferrer\" target=\"_blank\">Sa, 20.03.2021<\/a><\/td><td class=\"column-2\">Richter 6, 13<br \/>\n<a href=\"https:\/\/www.bibleserver.com\/Ne%C3%9C.LUT\/Richter6\" rel=\"noopener noreferrer\" target=\"_blank\">Ruhig mal Richter 6+7 lesen<\/a><\/td><td class=\"column-3\">Dieter Becker<\/td><td class=\"column-4\">Heldenmut<\/td>\n<\/tr>\n<tr class=\"row-22\">\n\t<td class=\"column-1\"><a href=\"https:\/\/evangelischer-zuspruch.de\/wp-content\/uploads\/2021\/03\/20210321_Judica.mp3\" rel=\"noopener noreferrer\" target=\"_blank\">So, 21.03.2021<\/a><\/td><td class=\"column-2\">Psalm 43 (EG 7249<br \/>\nEvangelium: Markus 10, 35-45<br \/>\nPredigt: <a href=\"https:\/\/www.bibleserver.com\/Ne%C3%9C.LUT\/Hiob19\" rel=\"noopener noreferrer\" target=\"_blank\">Hiob 19<\/a>, 19-27<\/td><td class=\"column-3\">Dieter Becker<\/td><td class=\"column-4\">Gottesbilder und das GottesEBENbild<br \/>\nLieder: 83, 93, 352, 526<\/td>\n<\/tr>\n<tr class=\"row-23\">\n\t<td class=\"column-1\"><a href=\"https:\/\/evangelischer-zuspruch.de\/wp-content\/uploads\/2021\/03\/20210322_Angstschisser.mp3\" rel=\"noopener noreferrer\" target=\"_blank\">Mo, 22.03.2021<\/a><\/td><td class=\"column-2\">Psalm 34, 7 + Lukas 11, 10<\/td><td class=\"column-3\">Dieter Becker<\/td><td class=\"column-4\">Angstschisser<\/td>\n<\/tr>\n<tr class=\"row-24\">\n\t<td class=\"column-1\"><a href=\"https:\/\/evangelischer-zuspruch.de\/wp-content\/uploads\/2021\/03\/20210323_Kraft-Liebe-Besonnenheit.mp3\" rel=\"noopener noreferrer\" target=\"_blank\">Di 23.03.2021<\/a><\/td><td class=\"column-2\">Josua 1, 9 + 2. Timotheus 1, 7<\/td><td class=\"column-3\">Dieter Becker<\/td><td class=\"column-4\">Kraft, Liebe, Besonnenheit<\/td>\n<\/tr>\n<tr class=\"row-25\">\n\t<td class=\"column-1\"><a href=\"https:\/\/evangelischer-zuspruch.de\/wp-content\/uploads\/2021\/03\/20210324_Alltagstheologie.mp3\" rel=\"noopener noreferrer\" target=\"_blank\">Mi, 24.03.2021<\/a><\/td><td class=\"column-2\">1. Mose 1, 28 +<br \/>\n1. Korinther 3, 22c+23a<\/td><td class=\"column-3\">Dieter Becker<\/td><td class=\"column-4\">Alltagstheologie<\/td>\n<\/tr>\n<tr class=\"row-26\">\n\t<td class=\"column-1\"><a href=\"https:\/\/evangelischer-zuspruch.de\/wp-content\/uploads\/2021\/03\/20210325_Jubil\u00e4umszuspruch-365-Tage.mp3\" rel=\"noopener noreferrer\" target=\"_blank\">Do, 25.03.2021 - 365 Tage<\/a><br \/>\n1 Jahr Zuspr\u00fcche<\/td><td class=\"column-2\">Psalm 27, 9<\/td><td class=\"column-3\">Dieter Becker<\/td><td class=\"column-4\">Jubil\u00e4umszuspruch<\/td>\n<\/tr>\n<tr class=\"row-27\">\n\t<td class=\"column-1\">Do, 25.03.2021<br \/>\n<a href=\"https:\/\/evangelischer-zuspruch.de\/wp-content\/uploads\/2021\/03\/20210325_Jubil\u00e4um-365-Tage-ausgew\u00e4hlte-Zuspr\u00fcche.mp3\" rel=\"noopener noreferrer\" target=\"_blank\">Jahresr\u00fcckblick <\/a><\/td><td class=\"column-2\">Zusammenstellung unterschiedlichster Zuspr\u00fcche der letzten 365 Tage <br \/>\n(Dauer: 1:03:50 => 63,8 Minuten)<\/td><td class=\"column-3\">Dieter Becker<br \/>\n<\/td><td class=\"column-4\">Daten: 365 Tage, mit 50 Godi-Andachten: 3.000 Minuten mit 30.000 Minuten Gesamtzeit inkl. Umsetzung (3,25 Monate Vollzeit in 12 Monaten)<\/td>\n<\/tr>\n<tr class=\"row-28\">\n\t<td class=\"column-1\"><a href=\"https:\/\/evangelischer-zuspruch.de\/wp-content\/uploads\/2021\/03\/20210326_Ma\u00dflosigkeit.m4a\" rel=\"noopener noreferrer\" target=\"_blank\">Fr, 26.03.2021<\/a><\/td><td class=\"column-2\">Jeremia 2, 21 &amp; Offenbarung 2, 5 (Z\u00fcricher \u00dcbersetzung)<\/td><td class=\"column-3\">Dieter Becker<\/td><td class=\"column-4\">Ma\u00dflosigkeit<\/td>\n<\/tr>\n<tr class=\"row-29\">\n\t<td class=\"column-1\"><a href=\"https:\/\/evangelischer-zuspruch.de\/wp-content\/uploads\/2021\/03\/20210327_Bequemlichkeit.mp3\" rel=\"noopener noreferrer\" target=\"_blank\">Sa, 27.03.2021<\/a><\/td><td class=\"column-2\">5. Mose 8, 12+14<br \/>\n1. Thessalonischer 5, 18<\/td><td class=\"column-3\">Dieter Becker<\/td><td class=\"column-4\">Bequemlichkeit<br \/>\n(Und Gottesfurcht)<\/td>\n<\/tr>\n<tr class=\"row-30\">\n\t<td class=\"column-1\"><a href=\"https:\/\/evangelischer-zuspruch.de\/wp-content\/uploads\/2021\/03\/20210321_Palmarum.mp3\" rel=\"noopener noreferrer\" target=\"_blank\">So, 28.03.2021<\/a><br \/>\nGottesdienstliche Andacht<\/td><td class=\"column-2\">Psalm 69 (EG 731)<br \/>\nEvangelium: Johannes 12, 12-19<br \/>\nPredigttext: Hebr\u00e4er 11, 1+2;12; 1-3<\/td><td class=\"column-3\">Dieter Becker<\/td><td class=\"column-4\">MUT<br \/>\nLieder: 452, 251, 352, 398<\/td>\n<\/tr>\n<tr class=\"row-31\">\n\t<td class=\"column-1\"><a href=\"https:\/\/evangelischer-zuspruch.de\/wp-content\/uploads\/2021\/03\/20210329_Zuversicht-der-Zukunft.mp3\" rel=\"noopener noreferrer\" target=\"_blank\">Mo, 29.03.2021<\/a><\/td><td class=\"column-2\">Sacharija 14,9 &amp; Offenbarung 22, 3+4<\/td><td class=\"column-3\">Dieter Becker<\/td><td class=\"column-4\">Zuversicht der Zukunft<\/td>\n<\/tr>\n<tr class=\"row-32\">\n\t<td class=\"column-1\"><a href=\"https:\/\/evangelischer-zuspruch.de\/wp-content\/uploads\/2021\/03\/20210330_Kanon-Richtschnur.mp3\" rel=\"noopener noreferrer\" target=\"_blank\">Di, 30.03.2021<\/a><\/td><td class=\"column-2\">2. Petrus 1, 17<\/td><td class=\"column-3\">Dieter Becker<\/td><td class=\"column-4\">Kanon<br \/>\n<a href=\"https:\/\/de.wikipedia.org\/wiki\/Kanon_(Bibel)\" rel=\"noopener noreferrer\" target=\"_blank\">Entstehung Bibel<\/a><br \/>\n<a href=\"https:\/\/de.wikipedia.org\/wiki\/Liste_biblischer_B%C3%BCcher#Hebr%C3%A4erbrief_und_Katholische_Briefe\" rel=\"noopener noreferrer\" target=\"_blank\">Liste katholische Briefe<\/a><\/td>\n<\/tr>\n<tr class=\"row-33\">\n\t<td class=\"column-1\"><a href=\"https:\/\/evangelischer-zuspruch.de\/wp-content\/uploads\/2021\/03\/20210331_Krisenmanagement.mp3\" rel=\"noopener noreferrer\" target=\"_blank\">Mi, 31.03.2021<\/a><\/td><td class=\"column-2\">Lukas 23, 34<\/td><td class=\"column-3\">Dieter Becker<\/td><td class=\"column-4\">Krisenmanagement<\/td>\n<\/tr>\n<\/tbody>\n<\/table>\n<!-- #tablepress-20 from cache -->\n","protected":false},"excerpt":{"rendered":"<p>Hier finden Sie die t\u00e4glichen evangelischen Zuspr\u00fcche und der gottesdienstlichen AndachtenBeginnend vom 01.03.2021 (Nr. 342) bis zum 31.03.2021 (Nr. 372) Jahreszuspruch am 25.03.2021 &#8211; 365 Tage nonstop Evangelische Zuspr\u00fcche Smartphone: Zur besseren Ansicht der Tabelle<\/p>\n","protected":false},"author":1,"featured_media":0,"parent":0,"menu_order":0,"comment_status":"closed","ping_status":"closed","template":"","meta":{"footnotes":""},"_links":{"self":[{"href":"https:\/\/evangelischer-zuspruch.de\/index.php?rest_route=\/wp\/v2\/pages\/1150"}],"collection":[{"href":"https:\/\/evangelischer-zuspruch.de\/index.php?rest_route=\/wp\/v2\/pages"}],"about":[{"href":"https:\/\/evangelischer-zuspruch.de\/index.php?rest_route=\/wp\/v2\/types\/page"}],"author":[{"embeddable":true,"href":"https:\/\/evangelischer-zuspruch.de\/index.php?rest_route=\/wp\/v2\/users\/1"}],"replies":[{"embeddable":true,"href":"https:\/\/evangelischer-zuspruch.de\/index.php?rest_route=%2Fwp%2Fv2%2Fcomments&post=1150"}],"version-history":[{"count":1,"href":"https:\/\/evangelischer-zuspruch.de\/index.php?rest_route=\/wp\/v2\/pages\/1150\/revisions"}],"predecessor-version":[{"id":1151,"href":"https:\/\/evangelischer-zuspruch.de\/index.php?rest_route=\/wp\/v2\/pages\/1150\/revisions\/1151"}],"wp:attachment":[{"href":"https:\/\/evangelischer-zuspruch.de\/index.php?rest_route=%2Fwp%2Fv2%2Fmedia&parent=1150"}],"curies":[{"name":"wp","href":"https:\/\/api.w.org\/{rel}","templated":true}]}}